{"id":1590,"date":"2022-09-13T12:24:06","date_gmt":"2022-09-13T15:24:06","guid":{"rendered":"https:\/\/guiadepetropolis.com.br\/petropolis\/?page_id=1590"},"modified":"2024-02-19T10:12:57","modified_gmt":"2024-02-19T13:12:57","slug":"alimentos-e-bebidas","status":"publish","type":"page","link":"https:\/\/guiadepetropolis.com.br\/petropolis\/alimentos-e-bebidas\/","title":{"rendered":"Alimentos e Bebidas"},"content":{"rendered":"<div id=\"guiad-1000846385\" class=\"guiad-antes-do-conteudo_3 guiad-entity-placement\"><script async src=\"\/\/pagead2.googlesyndication.com\/pagead\/js\/adsbygoogle.js?client=ca-pub-1045376883326522\" crossorigin=\"anonymous\"><\/script><ins class=\"adsbygoogle\" style=\"display:block;\" data-ad-client=\"ca-pub-1045376883326522\" \ndata-ad-slot=\"\" \ndata-ad-format=\"autorelaxed\"><\/ins>\n<script> \n(adsbygoogle = window.adsbygoogle || []).push({}); \n<\/script>\n<\/div><br style=\"clear: both; display: block; float: none;\"\/><div id=\"guiad-2719331911\" class=\"guiad-antes-do-conteudo_2 guiad-entity-placement\"><script async src=\"\/\/pagead2.googlesyndication.com\/pagead\/js\/adsbygoogle.js?client=ca-pub-1045376883326522\" crossorigin=\"anonymous\"><\/script><ins class=\"adsbygoogle\" style=\"display:block;\" data-ad-client=\"ca-pub-1045376883326522\" \ndata-ad-slot=\"\" \ndata-ad-format=\"autorelaxed\"><\/ins>\n<script> \n(adsbygoogle = window.adsbygoogle || []).push({}); \n<\/script>\n<\/div><br style=\"clear: both; display: block; float: none;\"\/><div class=\"guiad-antes-do-conteudo guiad-entity-placement\" id=\"guiad-4127974051\"><div id=\"guiad-1445126567\"><script async src=\"\/\/pagead2.googlesyndication.com\/pagead\/js\/adsbygoogle.js?client=ca-pub-1045376883326522\" crossorigin=\"anonymous\"><\/script><ins class=\"adsbygoogle\" style=\"display:inline-block;width:0px;height:0px;\" \ndata-ad-client=\"ca-pub-1045376883326522\" \ndata-ad-slot=\"162654302\"><\/ins> \n<script> \n(adsbygoogle = window.adsbygoogle || []).push({}); \n<\/script>\n<\/div><\/div><p><a href=\"http:\/\/massascarneiro.com.br\/massas\/\"><strong>MASSAS CARNEIRO<\/strong><\/a><br \/>\n<strong>Tel<\/strong>.:\u00a0 (24) 2242-3589 | (24) 2242-1550 | (24) 99254-9704<br \/>\n<strong>Atua\u00e7\u00e3o<\/strong>: fabrica\u00e7\u00e3o da tradicional massa para pastel Carneiro&#8221;, alem de massas caseiras com ovos, p\u00e3o de alho e massas para pizzas.<br \/>\n<strong>Endere\u00e7o<\/strong>: &#8211; R. Bernardo Proen\u00e7a, 90 &#8211; Petr\u00f3polis &#8211; RJ<br \/>\n<strong>Internet<\/strong>: <a href=\"http:\/\/massascarneiro.com.br\/massas\/\">www.massascarneiro.com.br<\/a><\/p>\n<hr \/>\n<p><a href=\"https:\/\/www.facebook.com\/Concei%C3%A7%C3%A3o-Salgados-148447528663168\/\"><strong>CONCEI\u00c7\u00c3O SALGADOS PARA FESTAS<\/strong><\/a><br \/>\n<strong>Tel<\/strong>.: (24) 3064-8043 | (24) 99324-8628<br \/>\n<strong>Atua\u00e7\u00e3o<\/strong>: Salgados para bar lanchonetes festas. Experi\u00eancia e qualidade na produ\u00e7\u00e3o de salgados sob medida para seu com\u00e9rcio ou evento!<br \/>\n<strong>Endere\u00e7o<\/strong>: entregamos em toda cidade de Petr\u00f3polis, incluindo Itaipava\u00a0 &#8211; RJ<br \/>\n<strong>Internet<\/strong>: <a href=\"https:\/\/www.facebook.com\/Concei%C3%A7%C3%A3o-Salgados-148447528663168\/\" target=\"_blank\" rel=\"noopener noreferrer\">Facebook<\/a><\/p>\n<hr \/>\n<p><a href=\"https:\/\/purosabordasoja.com.br\"><strong>PURO SABOR DA SOJA<\/strong><\/a><br \/>\nTel.: (21) 3277-4832 | (21) 98029-0202<br \/>\n<strong>Atua\u00e7\u00e3o<\/strong> : fabricamos a pasta de soja mais gostosa do Brasil, com ingredientes frescos, sem adi\u00e7\u00e3o de conservantes e com \u00edndice \u201czero\u201d de gordura trans e colesterol!<br \/>\n<strong>Endere\u00e7o<\/strong>: atendemos todo Brasil<br \/>\n<strong>Internet<\/strong>:\u00a0 <a href=\"https:\/\/purosabordasoja.com.br\">www.purosabordasoja.com.br<\/a><\/p>\n<hr \/>\n<p><strong><a href=\"http:\/\/www.dalvarenga.com.br\">DISTRIBUIDORA ALVARENGA<\/a> <\/strong><br \/>\n<strong>Tel<\/strong>.: (24) 2247-8625\/7836-7293<br \/>\n<strong>Atua\u00e7\u00e3o<\/strong>: produtos para a culin\u00e1ria japonesa no Brasil, cat\u00e1logo variado de produtos de alta\u00a0 qualidade!<br \/>\n<strong>Endere\u00e7o<\/strong>: Atendimento online<br \/>\n<strong>Internet<\/strong>: <a href=\"http:\/\/www.dalvarenga.com.br\">www.dalvarenga.com.br<\/a><\/p>\n<hr \/>\n<p><strong>FAZENDA DA CONSERVA AGROIND\u00daSTRIA LTDA. <\/strong><br \/>\n<strong>Tel<\/strong>.: (24) 2258-2208\/9813-5364<br \/>\n<strong>Atua\u00e7\u00e3o<\/strong> : agricultura org\u00e2nica, produz a cacha\u00e7a Bela Conserva, artesanal de excel\u00eancia org\u00e2nica, \u00e0 altura das exig\u00eancias do mercado interno e externo.<br \/>\n<strong>Endere\u00e7o<\/strong>: Estrada da conserva, km 01 &#8211; Bemposta &#8211; RJ<br \/>\n<strong>Internet<\/strong>: <a href=\"mailto:fazendadaconserva@hotmail.com\">fazendadaconserva@hotmail.com<\/a><\/p>\n<hr \/>\n<p><strong>PANDAS LANCHONETE E RESTAURANTE<\/strong><br \/>\n<strong>Tel<\/strong>.: (24) 2221-1169<br \/>\n<strong>Atua\u00e7\u00e3o<\/strong>: A melhor comida caseira da regi\u00e3o: v\u00e1rios sabores de Pizza, Chopp gelado e lanches variados.<br \/>\n<strong>Endere\u00e7o<\/strong>: Pra\u00e7a Luis Furtado da Rosa n\u00ba 49 &#8211; Corr\u00eaas &#8211; Petr\u00f3polis -RJ<br \/>\n<strong>Internet<\/strong>: <a href=\"mailto:danieljsantana@yahoo.com.br\">danieljsantana@yahoo.com.br<\/a><\/p>\n<hr \/>\n<p><a href=\"http:\/\/www.sandrasbuffet.com.br\"><strong>SANDRA&#8217;S BUFFET<\/strong><\/a><br \/>\n<strong>Tel<\/strong>.:(24)2231-4242\/8807-3142<br \/>\n<strong>Atua\u00e7\u00e3o<\/strong>: Buffet para eventos em Petr\u00f3polis.<br \/>\n<strong>Endere\u00e7o<\/strong>: Rua Jo\u00e3o Xavier, 720 &#8211; Petr\u00f3polis -RJ<br \/>\n<strong>Internet<\/strong>: <a href=\"http:\/\/www.sandrasbuffet.com.br\">www.sandrasbuffet.com.<\/a>br &#8211; E-Mail: <a href=\"mailto:alex@sandrasbuffet.com.br\">alex@sandrasbuffet.com.br<\/a><\/p>\n<hr \/>\n<p><strong>PADARIA DUAS PONTES<\/strong><br \/>\n<strong>Tel<\/strong>.: (24) 2291-8733<br \/>\n<strong>Atua\u00e7\u00e3o<\/strong> : todos os tipos de p\u00e3es que voc\u00ea mais gosta, alem de cucas, tran\u00e7as, p\u00e3es doces e franc\u00eas quentinho a toda hora !<br \/>\n<strong>Endere\u00e7o<\/strong>: Rua Saldanha Marinho, 53 &#8211; Petr\u00f3polis -RJ<br \/>\n<strong>Internet<\/strong>: <a href=\"mailto:monique349@gmail.com\">monique349@gmail.com<\/a><\/p>\n<hr \/>\n<p><strong>TEMPER\u00cdSSIMO &#8211; TEMPEROS DE QUALIDADE<\/strong><br \/>\n<strong>Tel<\/strong>.:(24) 2244-7527<br \/>\n<strong>Atua\u00e7\u00e3o<\/strong> : Temperos em geral para restaurantes e afins. A\u00e7afr\u00e3o, fungi, mostarda, massas, produtos orientais, frutas secas, conservas, azeitonas, cereais , gr\u00e3os e etc.<br \/>\n<strong>Endere\u00e7o<\/strong>: Rua Coronel Veiga, 35 &#8211; Centro &#8211; Petr\u00f3polis -RJ<br \/>\n<strong>Internet<\/strong>: <a href=\"mailto:temperissimo@terra.com.br\">temperissimo@terra.com.br<\/a><\/p>\n<hr \/>\n<p><a href=\"http:\/\/www.cachacamagnifica.com.br\"><strong>MAGN\u00cdFICA &#8211; CACHA\u00c7A DO BRASIL<\/strong><\/a><br \/>\n<strong>Tel<\/strong>.: (21) 2508-9042 | (21) 2252-4928<br \/>\n<strong>Atua\u00e7\u00e3o<\/strong> : a Cacha\u00e7a Magn\u00edfica \u00e9 uma das cacha\u00e7as mais bem conceituadas do seu segmento, produzida no RJ, na Fazendo do Anil.<br \/>\n<strong>Endere\u00e7o<\/strong>: Fazenda do Anil &#8211; Estrada do Anil s\/n &#8211; Vassouras &#8211; RJ<br \/>\n<strong>Internet<\/strong>: <a href=\"http:\/\/www.cachacamagnifica.com.br\">www.cachacamagnifica.com.br<\/a><\/p>\n<hr \/>\n<p><strong>CASA DO ALAMBIQUEIRO<\/strong><br \/>\nTel.: (37) 3322-1420<br \/>\n<strong>Atua\u00e7\u00e3o<\/strong>: equipamentos para montagem de destilarias, alambiques em cobre, dornas, reservat\u00f3rias, barris e ton\u00e9is de carvalho, graduadores e etc.<br \/>\n<strong>Endere\u00e7o<\/strong>: Rua Jose El\u00edsio Ribeiro Mendes , 240 &#8211; Formiga &#8211; MG<br \/>\n<strong>Internet<\/strong>: <a href=\"mailto:alambiqueminas@gmail.com\">alambiqueminas@gmail.com<\/a><\/p>\n<hr \/>\n<p><strong>API\u00c1RIO MACKLLANI<\/strong><br \/>\n<strong>Tel<\/strong>.: (31) 3832-1187<br \/>\n<strong>Atua\u00e7\u00e3o<\/strong> : mel puro, potes e bisnagas, sachets de mel com morango, menta, pr\u00f3polis, gel\u00e9ia real e etc. P\u00f3lens, pr\u00f3polis, expectorantes, dentre outros. Avulso ou atacado.<br \/>\n<strong>Endere\u00e7o<\/strong>: Rua Jo\u00e3o Mota, 1000 &#8211; Santa B\u00e1rbara &#8211; MG<br \/>\n<strong>Internet<\/strong>: <a href=\"http:\/\/www.melsantabarbara.com.br\">www.melsantabarbara.com.br<\/a><\/p>\n<hr \/>\n<p><a href=\"https:\/\/www.facebook.com\/Tuninhopizzas\/\"><strong>TUNINHO PIZZAS<\/strong><\/a><br \/>\n<strong>Tel<\/strong>.: (24) 2248-2000<br \/>\n<strong>Atua\u00e7\u00e3o<\/strong> : os melhores salgados de Petr\u00f3polis: esfihas, brioches, empadas, croquetes e pizzas encontra-se aqui no independ\u00eancia.<br \/>\n<strong>Endere\u00e7o<\/strong>: Rua Angelo Jo\u00e3o Brand &#8211; 1512 &#8211; Petr\u00f3polis &#8211; RJ<br \/>\n<strong>Internet<\/strong>: <a href=\"mailto:tuninhopizzas@hotmail.com\">tuninhopizzas@hotmail.com<\/a><\/p>\n<hr \/>\n<p><a href=\"http:\/\/www.chopeirasmemo.com.br\"><strong>CHOPEIRAS MEMO<\/strong><\/a><br \/>\n<strong>Tel<\/strong>.: (16)3969-9797<br \/>\n<strong>Atua\u00e7\u00e3o<\/strong>: fabrica\u00e7\u00e3o de chopeiras de v\u00e1rios modelos, torres e pr\u00e9-resfriadores. Pre\u00e7os especiais para bar e restaurantes e pousadas.<br \/>\n<strong>Endere\u00e7o<\/strong>: Despachamos todo Brasil<br \/>\n<strong>Internet<\/strong>: <a href=\"http:\/\/www.chopeirasmemo.com.br\">www.chopeirasmemo.com.br<\/a><\/p>\n<hr \/>\n<p><a href=\"http:\/\/www.gaiatri.com.br\"><strong>GAIATRI<\/strong><\/a><br \/>\n<strong>Tel<\/strong>.: (24) 2245-6147<br \/>\n<strong>Atua\u00e7\u00e3o<\/strong> : Alimentos integrais. Produtos de Petr\u00f3polis.<br \/>\n<strong>Endere\u00e7o<\/strong>: Petr\u00f3polis -RJ<br \/>\n<strong>Internet<\/strong>: <a href=\"http:\/\/www.gaiatri.com.br\">www.gaiatri.com.br<\/a><\/p>\n<hr \/>\n<p><strong>BISCOITOS PETR\u00d3POLIS EUROPEU<\/strong><br \/>\n<strong>Tel<\/strong>.: (24) 2237-0329<br \/>\n<strong>Atua\u00e7\u00e3o<\/strong> : fabricamos biscoitos amanteigados e suspiros de forma artesanal, com receitas originais usadas pelos colonos alem\u00e3es.<br \/>\n<strong>Endere\u00e7o<\/strong>: Rua Dr.Paulo Herve,1350 sl 41\u00a0 &#8211; Bingen &#8211; Petr\u00f3polis -RJ<br \/>\n<strong>Internet<\/strong>: <a href=\"mailto:petropoliseuropeu@gmail.com\">petropoliseuropeu@gmail.com<\/a><\/p>\n<hr \/>\n<p><a href=\"http:\/\/www.doceshungaros.com.br\"><strong>DOCES H\u00daNGAROS<\/strong><\/a><br \/>\n<strong>Tel<\/strong>.: (24) 2235-4613 | (24) 99468-6286<br \/>\n<strong>Atua\u00e7\u00e3o<\/strong>: tortas, strudes, bombas, mil-folhas, caf\u00e9s e chocolates. Venda de massa folhada e de empada congeladas!<br \/>\n<strong>Endere\u00e7o<\/strong>: Rua Marechal Deodoro 94 &#8211; Petr\u00f3polis &#8211; RJ<br \/>\n<strong>Internet<\/strong>: <a href=\"http:\/\/www.doceshungaros.com.br\">www.doceshungaros.com.br<\/a><\/p>\n<hr \/>\n<p><a href=\"http:\/\/ziedsalgados.blogspot.com\"><strong>ZIED SALGADOS<\/strong><\/a><br \/>\n<strong>Tel<\/strong>.: (22) 2523-5136 | (22) 9822-4236<br \/>\n<strong>Atua\u00e7\u00e3o<\/strong>: linha de salgados pr\u00e1tico e congelados\u00a0 para bares, restaurantes, festas, dentre outros. Temos bolinho de bacalhau, p\u00e3o de queijo, croissant, pizza folhada etc.<br \/>\n<strong>Endere\u00e7o<\/strong> R. Maranh\u00e3o, 65 -Olaria &#8211; Nova Friburgo &#8211; RJ<br \/>\n<strong>Internet<\/strong>: <a href=\"http:\/\/ziedsalgados.blogspot.com\">www.ziedsalgados.blogspot.com<\/a><\/p>\n<hr \/>\n<p><strong>EMPADAS E PAST\u00c9IS PETR\u00d3POLIS<br \/>\nTel<\/strong>.: (24) 99921-6106 | (24) 2249-6106<br \/>\n<strong>Atua\u00e7\u00e3o<\/strong>: empadas, empadinhas, empad\u00e3o, past\u00e9is de forno e past\u00e9is de Feira, para simples degusta\u00e7\u00e3o ou para sua festa e eventos!<br \/>\n<strong>Endere\u00e7o<\/strong>: R. da Imperatriz, 220, Centro, Museu Imperial, Centro &#8211; Petr\u00f3polis &#8211; RJ<br \/>\n<strong>Internet<\/strong>: <a href=\"mailto:empadascra@oi.com.br\">empadascra@oi.com.br<\/a><\/p>\n<hr \/>\n<p><strong>DUETTO&#8217;S CAF\u00c9<\/strong><br \/>\n<strong>Tel<\/strong>.: (24) 2243-2952<br \/>\n<strong>Atua\u00e7\u00e3o<\/strong>:\u00a0 A cafeteria mais charmosa de Petr\u00f3polis!<br \/>\n<strong>Endere\u00e7o<\/strong>: R. da Imperatriz, 220, Centro, Museu Imperial, Centro &#8211; Petr\u00f3polis &#8211; RJ<br \/>\n<strong>Internet<\/strong>: <a href=\"mailto:duettoscontato@gmail.com\">duettoscontato@gmail.com<\/a><\/p>\n<hr \/>\n<p><strong>OVOS DE CODORNA GOURMET<\/strong><br \/>\n<strong>Tel<\/strong>.: (24) 99301-9887<br \/>\n<strong>Atua\u00e7\u00e3o<\/strong> : ovos de codorna gourmet, descascados aproximadamente 90 por kg. codornas criadas com ra\u00e7\u00e3o especial, com omega 3 e vitamina do complexo B.<br \/>\n<strong>Endere\u00e7o<\/strong>: Rua Teresa 446 &#8211; Alto da Serra &#8211; Petr\u00f3polis &#8211; RJ<br \/>\n<strong>Internet<\/strong>: <a href=\"mailto:teteiamodas2016@bol.com.br\">teteiamodas2016@bol.com.br<\/a><\/p>\n<hr \/>\n<p><strong>BENDITO SALGADO<\/strong><br \/>\n<strong>Tel<\/strong>.: (24) 99301-9887<br \/>\n<strong>Atua\u00e7\u00e3o<\/strong> : deliciosos salgados congelados, todos gourmet. entregamos embalagens com 1kg de salgado congelado que corresponde a 01 cento, pois cada salgado pesa em m\u00e9dia 20g.<br \/>\n<strong>Endere\u00e7o<\/strong>: Petr\u00f3polis &#8211; RJ<br \/>\n<strong>Internet<\/strong>: <a href=\"http:\/\/www.facebook.com\/benditopudimrj\" target=\"_blank\" rel=\"noopener noreferrer\">www.facebook.com\/benditopudimrj\u00a0<\/a><\/p>\n<hr \/>\n<p><strong>BENDITO PUDIM<\/strong><br \/>\n<strong>Tel<\/strong>.: (24) 99301-9887<br \/>\n<strong>Atua\u00e7\u00e3o<\/strong> : Deliciosos pudins gourmet entregues no seu domic\u00edlio. Temos sabores variados e trabalhamos com tamanhos fam\u00edlia e tamb\u00e9m por\u00e7\u00f5es individuais.<br \/>\n<strong>Endere\u00e7o<\/strong>: Petr\u00f3polis &#8211; RJ<br \/>\n<strong>Internet<\/strong>: <a href=\"http:\/\/www.facebook.com\/benditopudimrj\" target=\"_blank\" rel=\"noopener noreferrer\">www.facebook.com\/benditopudimrj <\/a><\/p>\n<hr \/>\n<p><strong><a href=\"https:\/\/www.facebook.com\/superserranogueira\/?tn-str=k*F\" target=\"_blank\" rel=\"noopener noreferrer\">SUPERMERCADO NOGUEIRA SUPER SERRA<\/a>\u00a0<\/strong><br \/>\n<strong>Tel<\/strong>.: (24) 988576486 \/ 2236-1736<br \/>\n<strong>Atua\u00e7\u00e3o<\/strong>: supermercado na pra\u00e7a de Nogueira, com promo\u00e7\u00f5es semanais e tamb\u00e9m sistema de Delivery para entregas por telefone para a regi\u00e3o.<br \/>\n<strong>Endere\u00e7o<\/strong>: Av. Leopoldina, 300, Pra\u00e7a de Nogueira, Petr\u00f3polis &#8211; RJ<br \/>\n<strong>Internet<\/strong>: <a href=\"https:\/\/www.instagram.com\/mercadosuperserra\/\" target=\"_blank\" rel=\"noopener noreferrer\">Instagram<\/a> | <a href=\"https:\/\/www.facebook.com\/superserranogueira\/?tn-str=k*F\" target=\"_blank\" rel=\"noopener noreferrer\">Facebook<\/a><\/p>\n<hr \/>\n<p><a href=\"https:\/\/www.instagram.com\/laesfiha.petropolis\/\" target=\"_blank\" rel=\"noopener\"><strong>LA ESFIHA <\/strong><\/a><br \/>\n<strong>Tel<\/strong>.: (21) 98436-9395<br \/>\n<strong>Atua\u00e7\u00e3o<\/strong>: O Delivery de Esfihas que chegou para saciar sua fome! As Melhores Promo\u00e7\u00f5es de Esfiha da regi\u00e3o. Provou, comeu, gostou!.<br \/>\n<strong>Endere\u00e7o<\/strong>: Retiro com Delivery em Petr\u00f3polis &#8211; RJ<br \/>\n<strong>Internet<\/strong>: <a href=\"https:\/\/instagram.com\/laesfiha.petropolis?utm_medium=copy_link\" target=\"_blank\" rel=\"noopener noreferrer\">Instagram<\/a><\/p>\n<hr \/>\n<p><script async src=\"https:\/\/pagead2.googlesyndication.com\/pagead\/js\/adsbygoogle.js\"><\/script><br \/>\n<!-- 2020 --><br \/>\n<ins class=\"adsbygoogle\" style=\"display: block;\" data-ad-client=\"ca-pub-1045376883326522\" data-ad-slot=\"2420231355\" data-ad-format=\"auto\" data-full-width-responsive=\"true\"><\/ins><br \/>\n<script>\n     (adsbygoogle = window.adsbygoogle || []).push({});\n<\/script><\/p>\n<hr \/>\n<a href=\"https:\/\/guiadepetropolis.com.br\/petropolis\/anuncie-no-guia\/\" class=\"su-button su-button-style-default\" style=\"color:#FFFFFF;background-color:#1b8ac8;border-color:#166fa0;border-radius:5px\" target=\"_self\"><span style=\"color:#FFFFFF;padding:0px 16px;font-size:13px;line-height:26px;border-color:#60aed9;border-radius:5px;text-shadow:none\"> Anuncie Gratuitamente <\/span><\/a> <a href=\"https:\/\/guiadepetropolis.com.br\/petropolis\/banner-de-destaque\/\" class=\"su-button su-button-style-default\" style=\"color:#FFFFFF;background-color:#1b8ac8;border-color:#166fa0;border-radius:5px\" target=\"_self\"><span style=\"color:#FFFFFF;padding:0px 16px;font-size:13px;line-height:26px;border-color:#60aed9;border-radius:5px;text-shadow:none\"> Banner <\/span><\/a>\n<hr \/>\n<p><em>A ordem e disposi\u00e7\u00e3o dos an\u00fancios obedecem os seguintes crit\u00e9rios:<\/em><br \/>\n<em>1. An\u00fancios Patrocinados<\/em><br \/>\n<em>2. Data de inclus\u00e3o do an\u00fancio<\/em><br \/>\n<em><a href=\"https:\/\/guiadepetropolis.com.br\/petropolis\/contatos\/\">D\u00favidas? Fale conosco<\/a><\/em><\/p>\n<div id=\"guiad-3481360129\" class=\"guiad-depois-do-conteudo guiad-entity-placement\"><a href=\"http:\/\/edirefilho.com.br\/transportes\/\" target=\"_blank\" aria-label=\"Edir e Filho Mudan\u00e7as e Fretes - Em Petr\u00f3polis e para todo Brasil\"><img loading=\"lazy\" decoding=\"async\" src=\"https:\/\/guiadepetropolis.com.br\/petropolis\/wp-content\/uploads\/2019\/04\/2020-1.jpg\" alt=\"Edir e Filho Mudan\u00e7as e Fretes - Em Petr\u00f3polis e para todo Brasil\"  srcset=\"https:\/\/guiadepetropolis.com.br\/petropolis\/wp-content\/uploads\/2019\/04\/2020-1.jpg 900w, https:\/\/guiadepetropolis.com.br\/petropolis\/wp-content\/uploads\/2019\/04\/2020-1-300x100.jpg 300w, https:\/\/guiadepetropolis.com.br\/petropolis\/wp-content\/uploads\/2019\/04\/2020-1-768x256.jpg 768w\" sizes=\"(max-width: 900px) 100vw, 900px\" width=\"900\" height=\"300\"   \/><\/a><\/div>","protected":false},"excerpt":{"rendered":"<p>MASSAS CARNEIRO Tel.:\u00a0 (24) 2242-3589 | (24) 2242-1550 | (24) 99254-9704 Atua\u00e7\u00e3o: fabrica\u00e7\u00e3o da tradicional massa para pastel Carneiro&#8221;, alem de massas caseiras com ovos, p\u00e3o de alho e massas para pizzas. Endere\u00e7o: &#8211; R. Bernardo Proen\u00e7a, 90 &#8211; Petr\u00f3polis &#8211; RJ Internet: www.massascarneiro.com.br CONCEI\u00c7\u00c3O SALGADOS PARA FESTAS Tel.: (24) 3064-8043 | (24) 99324-8628 Atua\u00e7\u00e3o:&#8230;<\/p>\n","protected":false},"author":1,"featured_media":0,"parent":0,"menu_order":0,"comment_status":"closed","ping_status":"closed","template":"","meta":{"footnotes":"","_links_to":"","_links_to_target":""},"class_list":["post-1590","page","type-page","status-publish","hentry"],"_links":{"self":[{"href":"https:\/\/guiadepetropolis.com.br\/petropolis\/wp-json\/wp\/v2\/pages\/1590","targetHints":{"allow":["GET"]}}],"collection":[{"href":"https:\/\/guiadepetropolis.com.br\/petropolis\/wp-json\/wp\/v2\/pages"}],"about":[{"href":"https:\/\/guiadepetropolis.com.br\/petropolis\/wp-json\/wp\/v2\/types\/page"}],"author":[{"embeddable":true,"href":"https:\/\/guiadepetropolis.com.br\/petropolis\/wp-json\/wp\/v2\/users\/1"}],"replies":[{"embeddable":true,"href":"https:\/\/guiadepetropolis.com.br\/petropolis\/wp-json\/wp\/v2\/comments?post=1590"}],"version-history":[{"count":4,"href":"https:\/\/guiadepetropolis.com.br\/petropolis\/wp-json\/wp\/v2\/pages\/1590\/revisions"}],"predecessor-version":[{"id":1778,"href":"https:\/\/guiadepetropolis.com.br\/petropolis\/wp-json\/wp\/v2\/pages\/1590\/revisions\/1778"}],"wp:attachment":[{"href":"https:\/\/guiadepetropolis.com.br\/petropolis\/wp-json\/wp\/v2\/media?parent=1590"}],"curies":[{"name":"wp","href":"https:\/\/api.w.org\/{rel}","templated":true}]}}