{"id":1592,"date":"2022-09-13T12:24:26","date_gmt":"2022-09-13T15:24:26","guid":{"rendered":"https:\/\/guiadepetropolis.com.br\/petropolis\/?page_id=1592"},"modified":"2024-02-19T11:48:24","modified_gmt":"2024-02-19T14:48:24","slug":"beleza-e-estetica","status":"publish","type":"page","link":"https:\/\/guiadepetropolis.com.br\/petropolis\/beleza-e-estetica\/","title":{"rendered":"Beleza e Est\u00e9tica"},"content":{"rendered":"<div id=\"guiad-2357750712\" class=\"guiad-antes-do-conteudo_3 guiad-entity-placement\"><script async src=\"\/\/pagead2.googlesyndication.com\/pagead\/js\/adsbygoogle.js?client=ca-pub-1045376883326522\" crossorigin=\"anonymous\"><\/script><ins class=\"adsbygoogle\" style=\"display:block;\" data-ad-client=\"ca-pub-1045376883326522\" \ndata-ad-slot=\"\" \ndata-ad-format=\"autorelaxed\"><\/ins>\n<script> \n(adsbygoogle = window.adsbygoogle || []).push({}); \n<\/script>\n<\/div><br style=\"clear: both; display: block; float: none;\"\/><div id=\"guiad-1420160476\" class=\"guiad-antes-do-conteudo_2 guiad-entity-placement\"><script async src=\"\/\/pagead2.googlesyndication.com\/pagead\/js\/adsbygoogle.js?client=ca-pub-1045376883326522\" crossorigin=\"anonymous\"><\/script><ins class=\"adsbygoogle\" style=\"display:block;\" data-ad-client=\"ca-pub-1045376883326522\" \ndata-ad-slot=\"\" \ndata-ad-format=\"autorelaxed\"><\/ins>\n<script> \n(adsbygoogle = window.adsbygoogle || []).push({}); \n<\/script>\n<\/div><br style=\"clear: both; display: block; float: none;\"\/><div class=\"guiad-antes-do-conteudo guiad-entity-placement\" id=\"guiad-1454002381\"><div id=\"7470020350\"><script async src=\"\/\/pagead2.googlesyndication.com\/pagead\/js\/adsbygoogle.js?client=ca-pub-1045376883326522\" crossorigin=\"anonymous\"><\/script><ins class=\"adsbygoogle\" style=\"display:inline-block;width:0px;height:0px;\" \ndata-ad-client=\"ca-pub-1045376883326522\" \ndata-ad-slot=\"\"><\/ins> \n<script> \n(adsbygoogle = window.adsbygoogle || []).push({}); \n<\/script>\n<\/div><\/div><p>&nbsp;<\/p>\n<p><strong><a href=\"https:\/\/www.salaoyeda.com.br\/\" target=\"_blank\" rel=\"noopener noreferrer\">SAL\u00c3O YEDA<\/a><br \/>\nTel<\/strong>.: (24) 2222-1884<br \/>\n<strong>Atua\u00e7\u00e3o<\/strong>: sob o comando de Rosani Magno, o sal\u00e3o se destaca por cortes, corte e colora\u00e7\u00e3o, tratamento completo, al\u00e9m de maquiagem, manicure e design de sobrancelhas.<br \/>\n<strong>Endere\u00e7o<\/strong>: Estrada\u00a0 uni\u00e3o e Industria, 12.868 &#8211; Itaipava &#8211; Petr\u00f3polis &#8211; RJ<br \/>\n<strong>Internet<\/strong>: <a href=\"https:\/\/www.salaoyeda.com.br\/\" target=\"_blank\" rel=\"noopener noreferrer\">www.salaoyeda.com.br<\/a><\/p>\n<hr \/>\n<p><strong><a href=\"https:\/\/www.facebook.com\/studiofarleyfrossardcabeleireiros\/?\">STUDIO FARLEY FROSSARD<\/a>\u00a0<\/strong><br \/>\n<strong>Tel.<\/strong>: (24) 2222-7508<br \/>\n<strong>Atua\u00e7\u00e3o<\/strong>: os profissionais mais conceituados da regi\u00e3o num s\u00f3 lugar! Cabelo, maquiagem , unhas, depila\u00e7\u00e3o e est\u00e9tica.<br \/>\n<strong>Endere\u00e7o:<\/strong> Estr. Uni\u00e3o Industria 11303 &#8211; Vila Agante &#8211; Itaipava &#8211; Petr\u00f3polis &#8211; RJ<br \/>\n<strong>Internet<\/strong>: <a href=\"https:\/\/www.facebook.com\/studiofarleyfrossardcabeleireiros\">https:\/\/www.facebook.com<\/a><\/p>\n<hr \/>\n<p><a href=\"http:\/\/www.salaonadia.com.br\" target=\"_blank\" rel=\"noopener noreferrer\"><strong>SAL\u00c3O N\u00c1DIA<\/strong><\/a><br \/>\n<strong>Tel.<\/strong>: (24) 3323-0279<br \/>\n<strong>Atua\u00e7\u00e3o<\/strong>: atendimento com hora marcada. Cabeleireira, depiladora, maquiadora, est\u00e9tica facial, manicure e pedicure, etc.<br \/>\n<strong>Endere\u00e7o:<\/strong> Rua Mario Ramos, 23 Barra Mansa \u2013 RJ<br \/>\n<strong>Internet<\/strong>: <a href=\"http:\/\/www.salaonadia.com.br\">www.salaonadia.com.br<\/a><\/p>\n<hr \/>\n<p><strong>GL\u00d3RIA CABELEIREIROS<\/strong><br \/>\n<strong>Tel.: <\/strong>(24) 2222-4247<br \/>\n<strong>Atua\u00e7\u00e3o<\/strong>: cabelos bonitos e bem cuidados, alem de escovas, hidrata\u00e7\u00e3o, luzes, reflexos e etc. Especialidade em cabelos afros com uma linha de relaxamento!<br \/>\n<strong>Endere\u00e7o<\/strong>: Rua Castro Alves 60 sala 3 &#8211; Petr\u00f3polis &#8211; RJ<br \/>\n<strong>Internet<\/strong>: <a href=\"mailto:gloriacabeleireiros@bol.com.br\">gloriacabeleireiros@bol.com.br<\/a><\/p>\n<hr \/>\n<p><strong>CABELEIREIROS EM DOMIC\u00cdLIO\u00a0<\/strong><br \/>\n<strong>Tel.:<\/strong> (24) 2249-4378\/8116-5485<br \/>\n<strong>Atua\u00e7\u00e3o<\/strong>: se voc\u00ea n\u00e3o quer sair de casa para ir ao sal\u00e3o, eu vou ate voc\u00ea para fazer seu cabelo e te deixar linda !<br \/>\n<strong>Endere\u00e7o<\/strong>: Petr\u00f3polis &#8211; RJ<br \/>\n<strong>Internet<\/strong>: <a href=\"mailto:anali.santos54@yahoo.com.br\">anali.santos54@yahoo.com.br<\/a><\/p>\n<hr \/>\n<p><strong>FIOS &amp; FORMAS<\/strong><br \/>\n<strong>Tel.<\/strong>: (24) 2231-5984\u00a0 \/ 99224-0064<br \/>\n<strong>Atua\u00e7\u00e3o<\/strong>: realce sua beleza com cabelo lindos e maquiagem definitiva, alem de outros servi\u00e7os especiais. Ambiente familiar, tranquilo, conforto e seguran\u00e7a.<br \/>\n<strong>Endere\u00e7o<\/strong>: Rua Dr S\u00e1 Earp Filho, 22 Sl. 501 &#8211; Centro &#8211; Petr\u00f3polis &#8211; RJ<br \/>\n<strong>Internet<\/strong>: <a href=\"mailto:fios.e.formas@bol.com.br\">fios.e.formas@bol.com.br<\/a><\/p>\n<hr \/>\n<p>&nbsp;<\/p>\n<p><strong>AVON EM PETR\u00d3POLIS<br \/>\n<\/strong><strong>Tel.<\/strong>: (24) 2235.5055<br \/>\n<strong>Atua\u00e7\u00e3o<\/strong>: fale conosco e compre produtos Avon, conhe\u00e7a novos produtos, primando por excelente qualidade e pre\u00e7o.<br \/>\n<strong>Endere\u00e7o<\/strong>: Petr\u00f3polis &#8211; RJ<br \/>\n<strong>Internet<\/strong>: <a href=\"mailto:venda.avon@hotmail.com\">venda.avon@hotmail.com<\/a><\/p>\n<hr \/>\n<p><strong>CONSULTORA NATURA<\/strong><br \/>\n<strong>Tel.<\/strong>:(24) 2243-6907<br \/>\n<strong>Atua\u00e7\u00e3o<\/strong>: Vendo Natura e cadastro novas consultoras. Compre com desconto de 30%. Produtos especial\u00edssimos!<br \/>\n<strong>Endere\u00e7o: <\/strong>Rua Quissam\u00e3 , 1831 G2 &#8211; Petr\u00f3polis &#8211; RJ<br \/>\n<strong>Internet<\/strong>: <a href=\"mailto:bethconstantino@ig.com.br\">bethconstantino@ig.com.br<\/a><\/p>\n<hr \/>\n<p><strong>CONSULTORA NATURA<\/strong><br \/>\n<strong>Tel.<\/strong>: (24) 22464272 | (24) 99982-5170<br \/>\n<strong>Atua\u00e7\u00e3o<\/strong>: shampoo, perfume, maquiagem e produtos Natura para beleza. Masculino e Feminino, com bom atendimento. Vou at\u00e9 voc\u00ea!<br \/>\n<strong>Endere\u00e7o<\/strong>: Petr\u00f3polis &#8211; RJ<br \/>\n<strong>Internet<\/strong>: <a href=\"mailto:camilaguervich@hotmail.com\">camilaguervich@hotmail.com<\/a><\/p>\n<hr \/>\n<p><b><strong>DANIELE <\/strong>CABELEIREIRA e <\/b><strong>MANICURE\u00a0<\/strong><br \/>\n<strong>Tel.<\/strong>: (24) 2222-1389 | 9813-6456<br \/>\n<strong>Atua\u00e7\u00e3o<\/strong>: cabeleireira, manicure, pedicure, est\u00e9tica facial e corporal, drenagem linf\u00e1tica, depila\u00e7\u00e3o, maquiagem e design de sobrancelhas. venha conferir.<br \/>\n<strong>Endere\u00e7o<\/strong>: Estrada do Gentio, 93 . Itaipava Petr\u00f3polis &#8211; RJ<br \/>\n<strong>Internet<\/strong>: <a href=\"mailto:salaodadani@hotmail.com\">salaodadani@hotmail.com<\/a><\/p>\n<hr \/>\n<p><strong>SIMONE COIFFEUR<\/strong><br \/>\n<strong>Tel.<\/strong>: (24) 2222-2883 \/ 98805-2031<br \/>\n<strong>Atua\u00e7\u00e3o<\/strong>: tratamentos capilares, cortes femininos, cortes masculinos, escova sem formol, escova marroquina, escova inteligente, terapia capilar, hidrata\u00e7\u00f5es, penteados , sobrancelha, maquiagem, unhas.<br \/>\n<strong>Endere\u00e7o<\/strong>: Estrada Uni\u00e3o e Ind\u00fastria, 10.035 &#8211; Shopping Vilarejo loja 101 &#8211; Itaipava &#8211; Petr\u00f3polis &#8211; RJ<br \/>\n<strong>Internet<\/strong>: <a href=\"mailto:cabeleireiros.si@gmail.com\">cabeleireiros.si@gmail.com<\/a><\/p>\n<hr \/>\n<p><strong><a href=\"http:\/\/www.marilzaestetica.com.br\">MARILZA EST\u00c9TICA<\/a><br \/>\n<\/strong><strong>Tel.<\/strong>:\u00a0 (24) 2237-6913 | (24) 99917-6444<br \/>\n<strong>Atua\u00e7\u00e3o<\/strong>: limpeza de pele, depila\u00e7\u00e3o, sobrancelha, banho de lua, hidrata\u00e7\u00e3o p\u00e9s e m\u00e3os, argiloterapia e outros.<br \/>\n<strong>Endere\u00e7o<\/strong>: Rua Paulo Barbosa, 105 &#8211; SL 16 &#8211; Galeria Vila Rica &#8211; Petr\u00f3polis &#8211; RJ<br \/>\n<strong>Internet<\/strong>: <a href=\"http:\/\/www.marilzaestetica.com.br\">www.marilzaestetica.com.br<\/a><\/p>\n<hr \/>\n<p><strong>RAQUELLOOK CABELEIREIROS<\/strong><br \/>\n<strong>Tel.<\/strong>: (24) 2249.5861<br \/>\n<strong>Atua\u00e7\u00e3o<\/strong>: cortes feminino, hidrata\u00e7\u00e3o, escova, relaxamento, alisamento, luzes,etc. Atende por agendamento.<br \/>\n<strong>Endere\u00e7o<\/strong>: Rua Tereza 608 sala 61 &#8211; Petr\u00f3polis\u00a0 &#8211; RJ<br \/>\n<strong>Internet<\/strong>: <a href=\"mailto:raquel.look@hotmail.com\">raquel.look@hotmail.com<\/a><\/p>\n<hr \/>\n<p><strong>CABELEIREIRA RENATA<\/strong><br \/>\n<strong>Tel.<\/strong>: (24) 2236-2329 \/ 9219-6205<br \/>\n<strong>Atua\u00e7\u00e3o<\/strong>: servi\u00e7os com produtos diferenciados e muita qualidade, atendimento com hora marcada.<br \/>\n<strong>Endere\u00e7o<\/strong> R. Carvalho J\u00fanior, 1615 &#8211; C\u00f3rreas &#8211; Petr\u00f3polis &#8211; RJ<br \/>\n<strong>Internet<\/strong>: <a href=\"mailto:remss_32@hotmail.com\">remss_32@hotmail.com<\/a><\/p>\n<hr \/>\n<p><strong>ATENDO DOMIC\u00cdLIO E POUSADAS<\/strong><br \/>\n<strong>Tel.<\/strong>: (24) 2247-6311 \/\u00a0 98147-5491<br \/>\n<strong>Atua\u00e7\u00e3o<\/strong>: atendimento cabelos e manicure em pousadas, hot\u00e9is, noivas e domic\u00edlio. Curso completo para cabelos e unhas. Aulas pr\u00e1ticas e te\u00f3ricas.<br \/>\n<strong>Endere\u00e7o<\/strong>: Rua Treze de Maio, 241\/101 &#8211; Centro &#8211; Petr\u00f3polis &#8211; RJ<br \/>\n<strong>Internet<\/strong>: <a href=\"mailto:cidafarr@hotmail.com\">cidafarr@hotmail.com<\/a><\/p>\n<hr \/>\n<p><strong>LIFTING NATURAL E TRAT.DA PELE<\/strong><br \/>\n<strong>Tel.<\/strong>: (24) 2248-2663 \/ 99815-3531<br \/>\n<strong>Atua\u00e7\u00e3o<\/strong>: trate sua pele e fique mais jovem sem sair de casa. Tratamentos da acne + extra\u00e7\u00e3o de cravos sem dor e lifting natural.<br \/>\n<strong>Endere\u00e7o<\/strong> Rua \u00c2ngelo Jo\u00e3o Brant &#8211; Petr\u00f3polis &#8211; RJ<br \/>\n<strong>Internet<\/strong>: <a href=\"mailto:clribeiro.foreverliving@gmail.com\">clribeiro.foreverliving@gmail.com<\/a><\/p>\n<hr \/>\n<p><strong>SAL\u00c3O DE BELEZA MARIA BONITA<\/strong><br \/>\n<strong>Tel.<\/strong>: (24) 2237-2896 \/ 98849-5415<br \/>\n<strong>Atua\u00e7\u00e3o<\/strong>: cabelo, maquiagem definitiva, design de sobrancelhas, sobrancelha de henna, manicure.<br \/>\n<strong>Endere\u00e7o<\/strong> Rua Visconde de Uruguai, 53 &#8211; Petr\u00f3polis\u00a0 &#8211; RJ<br \/>\n<strong>Internet<\/strong>: <a href=\"mailto:mariabonitapetro@yahoo.com.br\">mariabonitapetro@yahoo.com.br<\/a><\/p>\n<hr \/>\n<p><strong>SAL\u00c3O NADIA<\/strong><br \/>\n<strong>Tel.<\/strong>: (24) 3323-0279 \/ 99916-5877<br \/>\n<strong>Atua\u00e7\u00e3o<\/strong>: manicure,cabeleireira esteticista e depiladora. Atendimento com hora marcada. Atendimento a noivas em domic\u00edlio.<br \/>\n<strong>Endere\u00e7o<\/strong>: R. M\u00e1rio Ramos 23\/103 &#8211; Barra Mansa &#8211; RJ<br \/>\n<strong>Internet<\/strong>: <a href=\"mailto:nadia.tereza@hotmail.com\">nadia.tereza@hotmail.com<\/a><\/p>\n<hr \/>\n<p><strong>MAQUIAGEM TATIANI ZANETTI<br \/>\n<\/strong><strong>Tel.<\/strong>: (24) 98836-8805<br \/>\n<strong>Atua\u00e7\u00e3o<\/strong>: Maquiagem com produtos importados de excelente qualidade. Limpeza de pele pr\u00e9via antes da maquiagem. Ganhe o batom para retocar sua maquiagem.<br \/>\n<strong>Endere\u00e7o<\/strong>: Quitandinha &#8211; Petr\u00f3polis- RJ<br \/>\n<strong>Internet<\/strong>: <a href=\"mailto:tatiani.zanetti@hotmail.com\">tatiani.zanetti@hotmail.com<\/a><\/p>\n<hr \/>\n<p><a href=\"https:\/\/www.facebook.com\/remoreiramakeup\/photos\/a.494224347425598\/494224354092264\/\"><strong>MAKEUP STUDIO RE MOREIRA<\/strong><\/a><br \/>\n<strong>Tel.<\/strong>:\u00a0 (24) 98838-5331<br \/>\n<strong>Atua\u00e7\u00e3o<\/strong>: Maquiagem e Penteados para todas as ocasi\u00f5es. Atendimento especializado e personalizado para noivas. Curso de maquiagem.<br \/>\n<strong>Endere\u00e7o<\/strong>: Itaipava &#8211; Petr\u00f3polis\u00a0 &#8211; RJ<br \/>\n<strong>Internet<\/strong>: <a href=\"mailto:remoreira2013@gmail.com\">remoreira2013@gmail.com<\/a><\/p>\n<hr \/>\n<p><a href=\"http:\/\/rogerialemos.wixsite.com\/estetica\"><strong>ROGERIA LEMOS EST\u00c9TICA CORPORAL E FACIAL<\/strong><\/a><br \/>\n<strong>Tel<\/strong>.:\u00a0 (24) 99296-7899<br \/>\n<strong>Atua\u00e7\u00e3o<\/strong>: est\u00e9tica corporal e facial oferece servi\u00e7os de depila\u00e7\u00e3o, limpeza de pele, massagens terap\u00eauticas, drenagem linf\u00e1tica, modeladora, tratamento corporal e facial, sobrancelha.<br \/>\n<strong>Endere\u00e7o<\/strong>: Petr\u00f3polis &#8211; RJ<br \/>\n<strong>Internet<\/strong>: <a href=\"mailto:rogeria_lemos@hotmail.com\">rogeria_lemos@hotmail.com<\/a><\/p>\n<hr \/>\n<a href=\"https:\/\/guiadepetropolis.com.br\/petropolis\/anuncie-no-guia\/\" class=\"su-button su-button-style-default\" style=\"color:#FFFFFF;background-color:#1b8ac8;border-color:#166fa0;border-radius:5px\" target=\"_self\"><span style=\"color:#FFFFFF;padding:0px 16px;font-size:13px;line-height:26px;border-color:#60aed9;border-radius:5px;text-shadow:none\"> Anuncie Gratuitamente <\/span><\/a> <a href=\"https:\/\/guiadepetropolis.com.br\/petropolis\/banner-de-destaque\/\" class=\"su-button su-button-style-default\" style=\"color:#FFFFFF;background-color:#1b8ac8;border-color:#166fa0;border-radius:5px\" target=\"_self\"><span style=\"color:#FFFFFF;padding:0px 16px;font-size:13px;line-height:26px;border-color:#60aed9;border-radius:5px;text-shadow:none\"> Banner <\/span><\/a>\n<hr \/>\n<p><em>A ordem e disposi\u00e7\u00e3o dos an\u00fancios obedecem os seguintes crit\u00e9rios:<\/em><br \/>\n<em>1. An\u00fancios Patrocinados<\/em><br \/>\n<em>2. Data de inclus\u00e3o do an\u00fancio<\/em><br \/>\n<em><a href=\"https:\/\/guiadepetropolis.com.br\/petropolis\/contatos\/\">D\u00favidas? Fale conosco<\/a><\/em><\/p>\n<div id=\"guiad-3409259365\" class=\"guiad-depois-do-conteudo guiad-entity-placement\"><a href=\"http:\/\/edirefilho.com.br\/transportes\/\" target=\"_blank\" aria-label=\"Edir e Filho Mudan\u00e7as e Fretes - Em Petr\u00f3polis e para todo Brasil\"><img loading=\"lazy\" decoding=\"async\" src=\"https:\/\/guiadepetropolis.com.br\/petropolis\/wp-content\/uploads\/2019\/04\/2020-1.jpg\" alt=\"Edir e Filho Mudan\u00e7as e Fretes - Em Petr\u00f3polis e para todo Brasil\"  srcset=\"https:\/\/guiadepetropolis.com.br\/petropolis\/wp-content\/uploads\/2019\/04\/2020-1.jpg 900w, https:\/\/guiadepetropolis.com.br\/petropolis\/wp-content\/uploads\/2019\/04\/2020-1-300x100.jpg 300w, https:\/\/guiadepetropolis.com.br\/petropolis\/wp-content\/uploads\/2019\/04\/2020-1-768x256.jpg 768w\" sizes=\"(max-width: 900px) 100vw, 900px\" width=\"900\" height=\"300\"   \/><\/a><\/div>","protected":false},"excerpt":{"rendered":"<p>&nbsp; SAL\u00c3O YEDA Tel.: (24) 2222-1884 Atua\u00e7\u00e3o: sob o comando de Rosani Magno, o sal\u00e3o se destaca por cortes, corte e colora\u00e7\u00e3o, tratamento completo, al\u00e9m de maquiagem, manicure e design de sobrancelhas. Endere\u00e7o: Estrada\u00a0 uni\u00e3o e Industria, 12.868 &#8211; Itaipava &#8211; Petr\u00f3polis &#8211; RJ Internet: www.salaoyeda.com.br STUDIO FARLEY FROSSARD\u00a0 Tel.: (24) 2222-7508 Atua\u00e7\u00e3o: os profissionais&#8230;<\/p>\n","protected":false},"author":1,"featured_media":0,"parent":0,"menu_order":0,"comment_status":"closed","ping_status":"closed","template":"","meta":{"footnotes":"","_links_to":"","_links_to_target":""},"class_list":["post-1592","page","type-page","status-publish","hentry"],"_links":{"self":[{"href":"https:\/\/guiadepetropolis.com.br\/petropolis\/wp-json\/wp\/v2\/pages\/1592","targetHints":{"allow":["GET"]}}],"collection":[{"href":"https:\/\/guiadepetropolis.com.br\/petropolis\/wp-json\/wp\/v2\/pages"}],"about":[{"href":"https:\/\/guiadepetropolis.com.br\/petropolis\/wp-json\/wp\/v2\/types\/page"}],"author":[{"embeddable":true,"href":"https:\/\/guiadepetropolis.com.br\/petropolis\/wp-json\/wp\/v2\/users\/1"}],"replies":[{"embeddable":true,"href":"https:\/\/guiadepetropolis.com.br\/petropolis\/wp-json\/wp\/v2\/comments?post=1592"}],"version-history":[{"count":4,"href":"https:\/\/guiadepetropolis.com.br\/petropolis\/wp-json\/wp\/v2\/pages\/1592\/revisions"}],"predecessor-version":[{"id":1783,"href":"https:\/\/guiadepetropolis.com.br\/petropolis\/wp-json\/wp\/v2\/pages\/1592\/revisions\/1783"}],"wp:attachment":[{"href":"https:\/\/guiadepetropolis.com.br\/petropolis\/wp-json\/wp\/v2\/media?parent=1592"}],"curies":[{"name":"wp","href":"https:\/\/api.w.org\/{rel}","templated":true}]}}