{"id":1601,"date":"2022-09-13T12:26:12","date_gmt":"2022-09-13T15:26:12","guid":{"rendered":"https:\/\/guiadepetropolis.com.br\/petropolis\/?page_id=1601"},"modified":"2022-09-13T12:26:12","modified_gmt":"2022-09-13T15:26:12","slug":"escolas-e-cursos","status":"publish","type":"page","link":"https:\/\/guiadepetropolis.com.br\/petropolis\/escolas-e-cursos\/","title":{"rendered":"Escolas e Cursos"},"content":{"rendered":"<div id=\"guiad-2680088550\" class=\"guiad-antes-do-conteudo_3 guiad-entity-placement\"><script async src=\"\/\/pagead2.googlesyndication.com\/pagead\/js\/adsbygoogle.js?client=ca-pub-1045376883326522\" crossorigin=\"anonymous\"><\/script><ins class=\"adsbygoogle\" style=\"display:block;\" data-ad-client=\"ca-pub-1045376883326522\" \ndata-ad-slot=\"\" \ndata-ad-format=\"autorelaxed\"><\/ins>\n<script> \n(adsbygoogle = window.adsbygoogle || []).push({}); \n<\/script>\n<\/div><br style=\"clear: both; display: block; float: none;\"\/><div id=\"guiad-2598442257\" class=\"guiad-antes-do-conteudo_2 guiad-entity-placement\"><script async src=\"\/\/pagead2.googlesyndication.com\/pagead\/js\/adsbygoogle.js?client=ca-pub-1045376883326522\" crossorigin=\"anonymous\"><\/script><ins class=\"adsbygoogle\" style=\"display:block;\" data-ad-client=\"ca-pub-1045376883326522\" \ndata-ad-slot=\"\" \ndata-ad-format=\"autorelaxed\"><\/ins>\n<script> \n(adsbygoogle = window.adsbygoogle || []).push({}); \n<\/script>\n<\/div><br style=\"clear: both; display: block; float: none;\"\/><div class=\"guiad-antes-do-conteudo guiad-entity-placement\" id=\"guiad-1692686048\"><div id=\"guiad-2114601388\"><script async src=\"\/\/pagead2.googlesyndication.com\/pagead\/js\/adsbygoogle.js?client=ca-pub-1045376883326522\" crossorigin=\"anonymous\"><\/script><ins class=\"adsbygoogle\" style=\"display:inline-block;width:0px;height:0px;\" \ndata-ad-client=\"ca-pub-1045376883326522\" \ndata-ad-slot=\"1054508017\"><\/ins> \n<script> \n(adsbygoogle = window.adsbygoogle || []).push({}); \n<\/script>\n<\/div><\/div><hr \/>\n<p><a href=\"http:\/\/portal.estacio.br\/unidades\/universidade-est%C3%A1cio-de-s%C3%A1\/campi\/rj\/petropolis\/petr%C3%B3polis\/\"><strong>UNIVERSIDADE EST\u00c1CIO DE S\u00c1<\/strong><\/a><br \/>\n<strong>Tel<\/strong>.: 4003-6767 | 0800 880 6767<br \/>\n<strong>Atua\u00e7\u00e3o<\/strong> : Cursos de Gradua\u00e7\u00e3o de longa e curta dura\u00e7\u00e3o.<br \/>\n<strong>Endere\u00e7o<\/strong>: Rua Bingen, 50<br \/>\n<strong>Internet<\/strong>: <a href=\"http:\/\/portal.estacio.br\/unidades\/universidade-est%C3%A1cio-de-s%C3%A1\/campi\/rj\/petropolis\/petr%C3%B3polis\/\" target=\"_blank\" rel=\"noopener noreferrer\">www.estacio.br<\/a><\/p>\n<hr \/>\n<p><a href=\"http:\/\/formatacaourgente.com.br\/\"><strong>FORMATA\u00c7\u00c3O DE TCC ONLINE<\/strong><\/a><br \/>\n<strong>Tel<\/strong>.: (21) 97274-5553<br \/>\n<strong>Atua\u00e7\u00e3o<\/strong> : Formata\u00e7\u00e3o de trabalho acad\u00eamicos, utilizando as normas ABNT, Vancouver, APA e outras. Formata\u00e7\u00e3o de relat\u00f3rios para empresas.<br \/>\n<strong>Endere\u00e7o<\/strong>: atendimento online todo Brasil<br \/>\n<strong>Internet<\/strong>: <a href=\"http:\/\/formatacaourgente.com.br\/\">formatacaourgente.com.br<\/a><\/p>\n<hr \/>\n<p><a href=\"http:\/\/www.terrasanta.org.br\/\"><strong>CENTRO EDUCACIONAL TERRA SANTA<\/strong><\/a><br \/>\n<strong>Tel<\/strong>.: (24) 2242-0525<br \/>\n<strong>Atua\u00e7\u00e3o<\/strong> : \u00e9 constituida pela creche (CEI), educand\u00e1rio Terra Santa, centro educacional que engloba os Projetos sociais.<br \/>\n<strong>Endere\u00e7o<\/strong>: Rua Monsenhor Bacelar, 590 &#8211; Valpara\u00edso &#8211; Petr\u00f3polis &#8211; RJ<br \/>\n<strong>Internet<\/strong>: <a href=\"http:\/\/www.terrasanta.org.br\/\">http:\/\/www.terrasanta.org.br<\/a><\/p>\n<hr \/>\n<p><strong>SUNSHINE QUALIFICA\u00c7\u00c3O PROFISSIONAL<\/strong><br \/>\n<strong>Tel<\/strong>.: (24) 2221-4965<br \/>\n<strong>Atua\u00e7\u00e3o<\/strong> : Cursos de Ingl\u00eas e Espanhol para todas as idades. Cursos B\u00e1sicos e Avan\u00e7ados de Inform\u00e1tica.<br \/>\n<strong>Endere\u00e7o<\/strong>: R. Dr. Agostinho Goul\u00e3o, 22 &#8211; Corr\u00eaas, Petr\u00f3polis &#8211; RJ<br \/>\n<strong>Internet<\/strong>: <a href=\"mailto:sunshineidiomas@ig.com.br\">sunshineidiomas@ig.com.br<\/a><\/p>\n<hr \/>\n<p><a href=\"https:\/\/www.rj.senac.br\/unidades\/senac-petropolis\/\"><strong>SENAC PETR\u00d3POLIS<\/strong><\/a><br \/>\n<strong>Tel<\/strong>.: (24) 2231-7001 | (24) 2231-5766<br \/>\n<strong>Atua\u00e7\u00e3o<\/strong>: cursos de diversas \u00e1reas, como Gastronomia, Design de Interiores, Beleza, Bem-Estar, Enfermagem, entre outras.<br \/>\n<strong>Endere\u00e7o<\/strong>: Rua Alfredo Pach\u00e1, 26, Centro, Petr\u00f3polis &#8211; RJ<br \/>\n<strong>Internet<\/strong>: <a href=\"https:\/\/www.rj.senac.br\/unidades\/senac-petropolis\/\">senac.br\u00a0<\/a><\/p>\n<hr \/>\n<p><strong>ELETROGIL<\/strong><br \/>\n<strong>Tel<\/strong>.: (24) 98146-6912<br \/>\n<strong>Atua\u00e7\u00e3o<\/strong> : cursos de eletricidade residencial, eletr\u00f4nica com aulas te\u00f3ricas e pr\u00e1ticas.<br \/>\n<strong>Endere\u00e7o<\/strong>: Petr\u00f3polis &#8211; RJ<br \/>\n<strong>Internet<\/strong>: <a href=\"https:\/\/www.facebook.com\/pg\/eletrogilrj\" target=\"_blank\" rel=\"noopener noreferrer\">www.facebook.com<\/a><\/p>\n<hr \/>\n<p><a href=\"http:\/\/monographyexpress.com\/monografia\/\"><strong>MONOGRAFIA EXPRESSA<\/strong><\/a><br \/>\n<strong>Tel<\/strong>.: (21) 97274-5553<br \/>\n<strong>Atua\u00e7\u00e3o<\/strong> : assessoria em todos os tipos de monografias e trabalhos acad\u00eamicos. Saiba mais em nosso site..<br \/>\n<strong>Endere\u00e7o<\/strong>: Atendemos online todo o Brasil.<br \/>\n<strong>Internet<\/strong>: <a href=\"http:\/\/monographyexpress.com\/monografia\/\">www.monografiaexpressa.com<\/a><\/p>\n<hr \/>\n<p><strong><a href=\"http:\/\/salamuseal.com.br\/museal\/\">SALA MUSEAL IDIOMAS<\/a><\/strong><br \/>\n<strong>Tel<\/strong>.: (21) 99279-9255<br \/>\n<strong>Atua\u00e7\u00e3o<\/strong>: aulas de idiomas, cursos de arte e cultura. F\u00e1cil acesso, pr\u00e9dio em frente ao metr\u00f4 Uruguaiana, no centro do Rio.<br \/>\n<strong>Endere\u00e7o<\/strong>: Presidente Vargas, 590 &#8211; Sl. 701, Centro \u2013 Rio de Janeiro \u2013 RJ<br \/>\n<strong>Internet<\/strong> : <a href=\"http:\/\/salamuseal.com.br\/\" target=\"_blank\" rel=\"noopener noreferrer\">salamuseal.com.br<\/a><\/p>\n<hr \/>\n<p><strong><a href=\"https:\/\/artenaavenida.com.br\/\">ARTE NA AVENIDA<\/a><\/strong><br \/>\n<strong>Tel<\/strong>.: (24) 2231-0489 | 99217-2531<br \/>\n<strong>Atua\u00e7\u00e3o<\/strong> : curso de teatro com a professora F\u00e1tima Coutinho, teatro para crian\u00e7as, adolescentes e adultos.<br \/>\n<strong>Endere\u00e7o<\/strong>: 16 de mar\u00e7o, 56\/303, Centro, Petr\u00f3polis &#8211; RJ<br \/>\n<strong>Internet<\/strong>: <a href=\"https:\/\/artenaavenida.com.br\/\" target=\"_blank\" rel=\"noopener noreferrer\">www.artenaavenida.com.br<\/a><\/p>\n<hr \/>\n<p><strong><a href=\"https:\/\/www.facebook.com\/pg\/cecirandadasletras\">CENTRO EDUCACIONAL CIRANDA DAS LETRAS<\/a><\/strong><br \/>\n<strong>Tel<\/strong>.: (24) 2242-9418<br \/>\n<strong>Atua\u00e7\u00e3o<\/strong>: Escola com Ber\u00e7\u00e1rio e Educa\u00e7\u00e3o Infantil compromissada com o desenvolvimento integral de crian\u00e7as de 4 meses aos 5 anos de idade.<br \/>\n<strong>Endere\u00e7o<\/strong>: Av. Presidente Kennedy, 732, Centro, Petr\u00f3polis &#8211; RJ<br \/>\n<strong>Internet<\/strong>: <a href=\"https:\/\/www.facebook.com\/pg\/cecirandadasletras\" target=\"_blank\" rel=\"noopener noreferrer\">www.facebook.com<\/a><\/p>\n<hr \/>\n<p><a href=\"https:\/\/www.facebook.com\/pg\/escoladedancaanalumuniz\/\" target=\"_blank\" rel=\"noopener noreferrer\"><strong>ESCOLA DE DAN\u00c7A ANAL\u00da MUNIZ <\/strong><\/a><br \/>\n<strong>Tel<\/strong>.: (24) 99965-3445<br \/>\n<strong>Atua\u00e7\u00e3o<\/strong>: escola de dan\u00e7a, cursos regulares de ballet cl\u00e1ssico e ballet mix,\u00a0 com professores altamente capacitados.<br \/>\n<strong>Endere\u00e7o<\/strong>: Washington Luiz &#8211; 1019 A, Petr\u00f3polis &#8211; RJ<br \/>\n<strong>Internet<\/strong>: <a href=\"https:\/\/www.facebook.com\/pg\/escoladedancaanalumuniz\/\" target=\"_blank\" rel=\"noopener noreferrer\">www.facebook.com<\/a><\/p>\n<hr \/>\n<p><strong><a href=\"http:\/\/esflup.com\/\">SOCIEDADE PSICAN\u00c1LISE CL\u00cdNICA<\/a><\/strong><br \/>\n<strong>Tel<\/strong>.: (21) 2768-4633<br \/>\n<strong>Atua\u00e7\u00e3o<\/strong>:\u00a0 cursos de psicanalise Escola Fluminense de Psicanalise Clinica.<br \/>\n<strong>Endere\u00e7o<\/strong> Rua Cel. Francisco Soares, 71\/310, Rio de Janeiro &#8211; RJ<br \/>\n<strong>Internet<\/strong>: <a href=\"http:\/\/esflup.com\/\" target=\"_blank\" rel=\"noopener noreferrer\">www.esflup.com<\/a><\/p>\n<hr \/>\n<p><strong><a href=\"https:\/\/www.facebook.com\/pg\/ateliermacakuti\/\">ATELIER MACAKUTI<\/a><\/strong><br \/>\n<strong>Tel<\/strong>.: (24) 99267-6648<br \/>\n<strong>Atua\u00e7\u00e3o<\/strong>: cursos de Biscuit, Pintura Country, Pintura em Tecido, Croch\u00ea, Tric\u00f4.<br \/>\n<strong>Endere\u00e7o<\/strong>: Rua Dr. Nelson de S\u00e1 Earp, 232 &#8211; Lj 3, Petr\u00f3polis &#8211; RJ<br \/>\n<strong>Internet<\/strong>: <a href=\"mailto:macakuti@gmail.com\">macakuti@gmail.com<\/a><\/p>\n<hr \/>\n<p><a href=\"https:\/\/www.facebook.com\/aguadebebercapoeira\"><strong>ESCOLA DE CAPOEIRA \u00c1GUA DE BEBER<\/strong><\/a><br \/>\n<strong>Tel<\/strong>.: (24) 99236-5005<br \/>\n<strong>Atua\u00e7\u00e3o<\/strong>: Aulas de Capoeira, maculel\u00ea e ritmo. Instrumentos musicais de capoeira. Material para treinamento. Cursos e semin\u00e1rios.<br \/>\n<strong>Endere\u00e7o<\/strong>: R. Treze de Maio, 252 &#8211; Centro &#8211; Petr\u00f3polis &#8211; RJ<br \/>\n<strong>Internet<\/strong>: <a href=\"https:\/\/www.facebook.com\/aguadebebercapoeira\" target=\"_blank\" rel=\"noopener noreferrer\">www.facebook.com<\/a><\/p>\n<hr \/>\n<p><strong>PROCURO PROFESSOR DE\u00a0<\/strong><b>ALEM\u00c3O<\/b><br \/>\n<strong>Tel<\/strong>.: (21) 99444-6400<br \/>\n<strong>Atua\u00e7\u00e3o<\/strong>: Procuro professor de alem\u00e3o para aula individual online, nivel Iniciante.<br \/>\n<strong>Endere\u00e7o<\/strong>: contato online<br \/>\n<strong>Internet<\/strong>: <a href=\"mailto:espanholcorporativo@gmail.com\">espanholcorporativo@gmail.com<\/a><\/p>\n<hr \/>\n<p>&nbsp;<\/p>\n<p><a href=\"https:\/\/solucaomonografia.com.br\/monografias\/\" target=\"_blank\" rel=\"noopener noreferrer\"><strong>SOLU\u00c7\u00c3O MONOGRAFIA E TCC<\/strong><\/a><br \/>\n<strong>Tel<\/strong>.: <a href=\"https:\/\/solucaomonografia.com.br\/monografias\/\">Whatsapp no site<\/a><br \/>\n<strong>Atua\u00e7\u00e3o<\/strong> : Formata\u00e7\u00e3o ABNT, APA e Vancouver de Monografia. TCC e Teses alem de revis\u00e3o com gram\u00e1tica e verifica\u00e7\u00e3o de pl\u00e1gio.<br \/>\n<strong>Endere\u00e7o<\/strong>: atendimento online todo Brasil<br \/>\n<strong>Internet<\/strong>: <a href=\"https:\/\/solucaomonografia.com.br\/monografias\/\" target=\"_blank\" rel=\"noopener noreferrer\">www.solucaomonografia.com.br<\/a><\/p>\n<hr \/>\n<p><a href=\"https:\/\/www.facebook.com\/LanguageGalleryIdiomas\" target=\"_blank\" rel=\"noopener noreferrer\"><strong>LANGUAGE GALLERY IDIOMAS<\/strong><\/a><br \/>\n<strong>Tel<\/strong>.: (24) 99330-7285<br \/>\n<strong>Atua\u00e7\u00e3o<\/strong>: Curso de idiomas. Aulas de ingl\u00eas, alem\u00e3o, italiano, franc\u00eas, espanhol e portugu\u00eas para estrangeiros.<br \/>\n<strong>Endere\u00e7o<\/strong>: R. 16 de Mar\u00e7o, 281 &#8211; Sala 803 (Ed. Profissional), Centro &#8211; Petr\u00f3polis &#8211; RJ<br \/>\n<strong>Internet<\/strong>: <a href=\"https:\/\/languagegalleryidiomas.webnode.com\/\" target=\"_blank\" rel=\"noopener noreferrer\">www.languagegalleryidiomas.webnode.com<\/a><\/p>\n<hr \/>\n<p><script async src=\"https:\/\/pagead2.googlesyndication.com\/pagead\/js\/adsbygoogle.js\"><\/script><br \/>\n<!-- 2020 --><br \/>\n<ins class=\"adsbygoogle\"\n     style=\"display:block\"\n     data-ad-client=\"ca-pub-1045376883326522\"\n     data-ad-slot=\"2420231355\"\n     data-ad-format=\"auto\"\n     data-full-width-responsive=\"true\"><\/ins><br \/>\n<script>\n     (adsbygoogle = window.adsbygoogle || []).push({});\n<\/script><\/p>\n<hr \/>\n<a href=\"https:\/\/guiadepetropolis.com.br\/petropolis\/anuncie-no-guia\/\" class=\"su-button su-button-style-default\" style=\"color:#FFFFFF;background-color:#1b8ac8;border-color:#166fa0;border-radius:5px\" target=\"_self\"><span style=\"color:#FFFFFF;padding:0px 16px;font-size:13px;line-height:26px;border-color:#60aed9;border-radius:5px;text-shadow:none\"> Anuncie Gratuitamente <\/span><\/a> <a href=\"https:\/\/guiadepetropolis.com.br\/petropolis\/banner-de-destaque\/\" class=\"su-button su-button-style-default\" style=\"color:#FFFFFF;background-color:#1b8ac8;border-color:#166fa0;border-radius:5px\" target=\"_self\"><span style=\"color:#FFFFFF;padding:0px 16px;font-size:13px;line-height:26px;border-color:#60aed9;border-radius:5px;text-shadow:none\"> Banner <\/span><\/a>\n<hr \/>\n<p><em>A ordem e disposi\u00e7\u00e3o dos an\u00fancios obedecem os seguintes crit\u00e9rios:<\/em><br \/>\n<em>1. An\u00fancios Patrocinados<\/em><br \/>\n<em>2. Data de inclus\u00e3o do an\u00fancio<\/em><br \/>\n<em><a href=\"https:\/\/guiadepetropolis.com.br\/petropolis\/contatos\/\">D\u00favidas? Fale conosco<\/a><\/em><\/p>\n<div id=\"guiad-3542660889\" class=\"guiad-depois-do-conteudo guiad-entity-placement\"><a href=\"http:\/\/edirefilho.com.br\/transportes\/\" target=\"_blank\" aria-label=\"Edir e Filho Mudan\u00e7as e Fretes - Em Petr\u00f3polis e para todo Brasil\"><img loading=\"lazy\" decoding=\"async\" src=\"https:\/\/guiadepetropolis.com.br\/petropolis\/wp-content\/uploads\/2019\/04\/2020-1.jpg\" alt=\"Edir e Filho Mudan\u00e7as e Fretes - Em Petr\u00f3polis e para todo Brasil\"  srcset=\"https:\/\/guiadepetropolis.com.br\/petropolis\/wp-content\/uploads\/2019\/04\/2020-1.jpg 900w, https:\/\/guiadepetropolis.com.br\/petropolis\/wp-content\/uploads\/2019\/04\/2020-1-300x100.jpg 300w, https:\/\/guiadepetropolis.com.br\/petropolis\/wp-content\/uploads\/2019\/04\/2020-1-768x256.jpg 768w\" sizes=\"(max-width: 900px) 100vw, 900px\" width=\"900\" height=\"300\"   \/><\/a><\/div>","protected":false},"excerpt":{"rendered":"<p>UNIVERSIDADE EST\u00c1CIO DE S\u00c1 Tel.: 4003-6767 | 0800 880 6767 Atua\u00e7\u00e3o : Cursos de Gradua\u00e7\u00e3o de longa e curta dura\u00e7\u00e3o. Endere\u00e7o: Rua Bingen, 50 Internet: www.estacio.br FORMATA\u00c7\u00c3O DE TCC ONLINE Tel.: (21) 97274-5553 Atua\u00e7\u00e3o : Formata\u00e7\u00e3o de trabalho acad\u00eamicos, utilizando as normas ABNT, Vancouver, APA e outras. Formata\u00e7\u00e3o de relat\u00f3rios para empresas. Endere\u00e7o: atendimento online&#8230;<\/p>\n","protected":false},"author":1,"featured_media":0,"parent":0,"menu_order":0,"comment_status":"closed","ping_status":"closed","template":"","meta":{"footnotes":"","_links_to":"","_links_to_target":""},"class_list":["post-1601","page","type-page","status-publish","hentry"],"_links":{"self":[{"href":"https:\/\/guiadepetropolis.com.br\/petropolis\/wp-json\/wp\/v2\/pages\/1601","targetHints":{"allow":["GET"]}}],"collection":[{"href":"https:\/\/guiadepetropolis.com.br\/petropolis\/wp-json\/wp\/v2\/pages"}],"about":[{"href":"https:\/\/guiadepetropolis.com.br\/petropolis\/wp-json\/wp\/v2\/types\/page"}],"author":[{"embeddable":true,"href":"https:\/\/guiadepetropolis.com.br\/petropolis\/wp-json\/wp\/v2\/users\/1"}],"replies":[{"embeddable":true,"href":"https:\/\/guiadepetropolis.com.br\/petropolis\/wp-json\/wp\/v2\/comments?post=1601"}],"version-history":[{"count":1,"href":"https:\/\/guiadepetropolis.com.br\/petropolis\/wp-json\/wp\/v2\/pages\/1601\/revisions"}],"predecessor-version":[{"id":1602,"href":"https:\/\/guiadepetropolis.com.br\/petropolis\/wp-json\/wp\/v2\/pages\/1601\/revisions\/1602"}],"wp:attachment":[{"href":"https:\/\/guiadepetropolis.com.br\/petropolis\/wp-json\/wp\/v2\/media?parent=1601"}],"curies":[{"name":"wp","href":"https:\/\/api.w.org\/{rel}","templated":true}]}}