{"id":1614,"date":"2022-09-13T12:28:48","date_gmt":"2022-09-13T15:28:48","guid":{"rendered":"https:\/\/guiadepetropolis.com.br\/petropolis\/?page_id=1614"},"modified":"2022-09-13T12:28:48","modified_gmt":"2022-09-13T15:28:48","slug":"lazer-e-cultura","status":"publish","type":"page","link":"https:\/\/guiadepetropolis.com.br\/petropolis\/lazer-e-cultura\/","title":{"rendered":"Lazer e Cultura"},"content":{"rendered":"<div id=\"guiad-547391703\" class=\"guiad-antes-do-conteudo_3 guiad-entity-placement\"><script async src=\"\/\/pagead2.googlesyndication.com\/pagead\/js\/adsbygoogle.js?client=ca-pub-1045376883326522\" crossorigin=\"anonymous\"><\/script><ins class=\"adsbygoogle\" style=\"display:block;\" data-ad-client=\"ca-pub-1045376883326522\" \ndata-ad-slot=\"\" \ndata-ad-format=\"autorelaxed\"><\/ins>\n<script> \n(adsbygoogle = window.adsbygoogle || []).push({}); \n<\/script>\n<\/div><br style=\"clear: both; display: block; float: none;\"\/><div id=\"guiad-3017691897\" class=\"guiad-antes-do-conteudo_2 guiad-entity-placement\"><script async src=\"\/\/pagead2.googlesyndication.com\/pagead\/js\/adsbygoogle.js?client=ca-pub-1045376883326522\" crossorigin=\"anonymous\"><\/script><ins class=\"adsbygoogle\" style=\"display:block;\" data-ad-client=\"ca-pub-1045376883326522\" \ndata-ad-slot=\"\" \ndata-ad-format=\"autorelaxed\"><\/ins>\n<script> \n(adsbygoogle = window.adsbygoogle || []).push({}); \n<\/script>\n<\/div><br style=\"clear: both; display: block; float: none;\"\/><div class=\"guiad-antes-do-conteudo guiad-entity-placement\" id=\"guiad-2253760339\"><div id=\"7470020350\"><script async src=\"\/\/pagead2.googlesyndication.com\/pagead\/js\/adsbygoogle.js?client=ca-pub-1045376883326522\" crossorigin=\"anonymous\"><\/script><ins class=\"adsbygoogle\" style=\"display:inline-block;width:0px;height:0px;\" \ndata-ad-client=\"ca-pub-1045376883326522\" \ndata-ad-slot=\"\"><\/ins> \n<script> \n(adsbygoogle = window.adsbygoogle || []).push({}); \n<\/script>\n<\/div><\/div><hr \/>\n<p>Lazer, cultura e atra\u00e7\u00f5es Hist\u00f3ricas n\u00e3o faltam em Petr\u00f3polis!<br \/>\nRe\u00fana os amigos e a fam\u00edlia, selecione atra\u00e7\u00f5es para seu roteiro e venha passar dias incr\u00edveis em Petr\u00f3polis!<\/p>\n<hr \/>\n<p>Selecionamos para voc\u00ea as principais atra\u00e7\u00f5es:<\/p>\n<ul id=\"menu-lazer-e-cultura\" class=\"menu\"><li id=\"menu-item-668\" class=\"menu-item menu-item-type-post_type menu-item-object-page menu-item-668\"><a href=\"https:\/\/guiadepetropolis.com.br\/petropolis\/casa-da-educacao-visconde-de-maua\/\">Casa Visconde de Mau\u00e1<\/a><\/li>\n<li id=\"menu-item-669\" class=\"menu-item menu-item-type-post_type menu-item-object-page menu-item-669\"><a href=\"https:\/\/guiadepetropolis.com.br\/petropolis\/casa-da-princesa-isabel-e-conde-deu\/\">Casa da Princesa Isabel<\/a><\/li>\n<li id=\"menu-item-670\" class=\"menu-item menu-item-type-post_type menu-item-object-page menu-item-670\"><a href=\"https:\/\/guiadepetropolis.com.br\/petropolis\/casa-da-rua-ipiranga\/\">Casa da Rua Ipiranga<\/a><\/li>\n<li id=\"menu-item-671\" class=\"menu-item menu-item-type-post_type menu-item-object-page menu-item-671\"><a href=\"https:\/\/guiadepetropolis.com.br\/petropolis\/casa-de-santos-dumont\/\">Casa de Santos Dumont<\/a><\/li>\n<li id=\"menu-item-672\" class=\"menu-item menu-item-type-post_type menu-item-object-page menu-item-672\"><a href=\"https:\/\/guiadepetropolis.com.br\/petropolis\/casa-do-colono-alemao\/\">Casa do Colono Alem\u00e3o<\/a><\/li>\n<li id=\"menu-item-673\" class=\"menu-item menu-item-type-post_type menu-item-object-page menu-item-673\"><a href=\"https:\/\/guiadepetropolis.com.br\/petropolis\/catedral-sao-pedro-de-alcantara\/\">Catedral de Petr\u00f3polis<\/a><\/li>\n<li id=\"menu-item-674\" class=\"menu-item menu-item-type-post_type menu-item-object-page menu-item-674\"><a href=\"https:\/\/guiadepetropolis.com.br\/petropolis\/centro-cultural-raul-de-leoni\/\">Centro Raul de Leoni<\/a><\/li>\n<li id=\"menu-item-675\" class=\"menu-item menu-item-type-post_type menu-item-object-page menu-item-675\"><a href=\"https:\/\/guiadepetropolis.com.br\/petropolis\/cervejaria-bohemia\/\">Cervejaria Bohemia<\/a><\/li>\n<li id=\"menu-item-676\" class=\"menu-item menu-item-type-post_type menu-item-object-page menu-item-676\"><a href=\"https:\/\/guiadepetropolis.com.br\/petropolis\/hotel-quitandinha\/\">Hotel Quitandinha<\/a><\/li>\n<li id=\"menu-item-677\" class=\"menu-item menu-item-type-post_type menu-item-object-page menu-item-677\"><a href=\"https:\/\/guiadepetropolis.com.br\/petropolis\/igreja-luterana-de-petropolis\/\">Igreja Luterana de Petr\u00f3polis<\/a><\/li>\n<li id=\"menu-item-678\" class=\"menu-item menu-item-type-post_type menu-item-object-page menu-item-678\"><a href=\"https:\/\/guiadepetropolis.com.br\/petropolis\/museu-imperial-de-petropolis\/\">Museu Imperial<\/a><\/li>\n<li id=\"menu-item-679\" class=\"menu-item menu-item-type-post_type menu-item-object-page menu-item-679\"><a href=\"https:\/\/guiadepetropolis.com.br\/petropolis\/palacio-amarelo-em-petropolis\/\">Pal\u00e1cio Amarelo<\/a><\/li>\n<li id=\"menu-item-680\" class=\"menu-item menu-item-type-post_type menu-item-object-page menu-item-680\"><a href=\"https:\/\/guiadepetropolis.com.br\/petropolis\/palacio-de-cristal-de-petropolis\/\">Pal\u00e1cio de Cristal<\/a><\/li>\n<li id=\"menu-item-681\" class=\"menu-item menu-item-type-post_type menu-item-object-page menu-item-681\"><a href=\"https:\/\/guiadepetropolis.com.br\/petropolis\/parque-cremerie\/\">Parque\u00a0 Cremerie<\/a><\/li>\n<\/ul>\n<hr \/>\n<p><script async src=\"https:\/\/pagead2.googlesyndication.com\/pagead\/js\/adsbygoogle.js\"><\/script><br \/>\n<!-- 2020 --><br \/>\n<ins class=\"adsbygoogle\"\n     style=\"display:block\"\n     data-ad-client=\"ca-pub-1045376883326522\"\n     data-ad-slot=\"2420231355\"\n     data-ad-format=\"auto\"\n     data-full-width-responsive=\"true\"><\/ins><br \/>\n<script>\n     (adsbygoogle = window.adsbygoogle || []).push({});\n<\/script><br \/>\n<a href=\"https:\/\/guiadepetropolis.com.br\/petropolis\/anuncie-no-guia\/\" class=\"su-button su-button-style-default\" style=\"color:#FFFFFF;background-color:#1b8ac8;border-color:#166fa0;border-radius:5px\" target=\"_self\"><span style=\"color:#FFFFFF;padding:0px 16px;font-size:13px;line-height:26px;border-color:#60aed9;border-radius:5px;text-shadow:none\"> Anuncie Gratuitamente <\/span><\/a> <a href=\"https:\/\/guiadepetropolis.com.br\/petropolis\/banner-de-destaque\/\" class=\"su-button su-button-style-default\" style=\"color:#FFFFFF;background-color:#1b8ac8;border-color:#166fa0;border-radius:5px\" target=\"_self\"><span style=\"color:#FFFFFF;padding:0px 16px;font-size:13px;line-height:26px;border-color:#60aed9;border-radius:5px;text-shadow:none\"> Banner <\/span><\/a>\n<hr \/>\n<p><em>A ordem e disposi\u00e7\u00e3o dos an\u00fancios obedecem os seguintes crit\u00e9rios:<\/em><br \/>\n<em>1. An\u00fancios Patrocinados<\/em><br \/>\n<em>2. Data de inclus\u00e3o do an\u00fancio<\/em><br \/>\n<em><a href=\"https:\/\/guiadepetropolis.com.br\/petropolis\/contatos\/\">D\u00favidas? Fale conosco<\/a><\/em><\/p>\n<div id=\"guiad-1212797954\" class=\"guiad-depois-do-conteudo guiad-entity-placement\"><a href=\"http:\/\/edirefilho.com.br\/transportes\/\" target=\"_blank\" aria-label=\"Edir e Filho Mudan\u00e7as e Fretes - Em Petr\u00f3polis e para todo Brasil\"><img loading=\"lazy\" decoding=\"async\" src=\"https:\/\/guiadepetropolis.com.br\/petropolis\/wp-content\/uploads\/2019\/04\/2020-1.jpg\" alt=\"Edir e Filho Mudan\u00e7as e Fretes - Em Petr\u00f3polis e para todo Brasil\"  srcset=\"https:\/\/guiadepetropolis.com.br\/petropolis\/wp-content\/uploads\/2019\/04\/2020-1.jpg 900w, https:\/\/guiadepetropolis.com.br\/petropolis\/wp-content\/uploads\/2019\/04\/2020-1-300x100.jpg 300w, https:\/\/guiadepetropolis.com.br\/petropolis\/wp-content\/uploads\/2019\/04\/2020-1-768x256.jpg 768w\" sizes=\"(max-width: 900px) 100vw, 900px\" width=\"900\" height=\"300\"   \/><\/a><\/div>","protected":false},"excerpt":{"rendered":"<p>Lazer, cultura e atra\u00e7\u00f5es Hist\u00f3ricas n\u00e3o faltam em Petr\u00f3polis! Re\u00fana os amigos e a fam\u00edlia, selecione atra\u00e7\u00f5es para seu roteiro e venha passar dias incr\u00edveis em Petr\u00f3polis! Selecionamos para voc\u00ea as principais atra\u00e7\u00f5es: A ordem e disposi\u00e7\u00e3o dos an\u00fancios obedecem os seguintes crit\u00e9rios: 1. An\u00fancios Patrocinados 2. Data de inclus\u00e3o do an\u00fancio D\u00favidas? Fale conosco<\/p>\n","protected":false},"author":1,"featured_media":0,"parent":0,"menu_order":0,"comment_status":"closed","ping_status":"closed","template":"","meta":{"footnotes":"","_links_to":"","_links_to_target":""},"class_list":["post-1614","page","type-page","status-publish","hentry"],"_links":{"self":[{"href":"https:\/\/guiadepetropolis.com.br\/petropolis\/wp-json\/wp\/v2\/pages\/1614","targetHints":{"allow":["GET"]}}],"collection":[{"href":"https:\/\/guiadepetropolis.com.br\/petropolis\/wp-json\/wp\/v2\/pages"}],"about":[{"href":"https:\/\/guiadepetropolis.com.br\/petropolis\/wp-json\/wp\/v2\/types\/page"}],"author":[{"embeddable":true,"href":"https:\/\/guiadepetropolis.com.br\/petropolis\/wp-json\/wp\/v2\/users\/1"}],"replies":[{"embeddable":true,"href":"https:\/\/guiadepetropolis.com.br\/petropolis\/wp-json\/wp\/v2\/comments?post=1614"}],"version-history":[{"count":1,"href":"https:\/\/guiadepetropolis.com.br\/petropolis\/wp-json\/wp\/v2\/pages\/1614\/revisions"}],"predecessor-version":[{"id":1615,"href":"https:\/\/guiadepetropolis.com.br\/petropolis\/wp-json\/wp\/v2\/pages\/1614\/revisions\/1615"}],"wp:attachment":[{"href":"https:\/\/guiadepetropolis.com.br\/petropolis\/wp-json\/wp\/v2\/media?parent=1614"}],"curies":[{"name":"wp","href":"https:\/\/api.w.org\/{rel}","templated":true}]}}