{"id":1623,"date":"2022-09-13T12:30:31","date_gmt":"2022-09-13T15:30:31","guid":{"rendered":"https:\/\/guiadepetropolis.com.br\/petropolis\/?page_id=1623"},"modified":"2023-11-05T11:39:23","modified_gmt":"2023-11-05T14:39:23","slug":"papelaria-e-embalagem","status":"publish","type":"page","link":"https:\/\/guiadepetropolis.com.br\/petropolis\/papelaria-e-embalagem\/","title":{"rendered":"Papelaria e Embalagem"},"content":{"rendered":"<div id=\"guiad-4166902253\" class=\"guiad-antes-do-conteudo_3 guiad-entity-placement\"><script async src=\"\/\/pagead2.googlesyndication.com\/pagead\/js\/adsbygoogle.js?client=ca-pub-1045376883326522\" crossorigin=\"anonymous\"><\/script><ins class=\"adsbygoogle\" style=\"display:block;\" data-ad-client=\"ca-pub-1045376883326522\" \ndata-ad-slot=\"\" \ndata-ad-format=\"autorelaxed\"><\/ins>\n<script> \n(adsbygoogle = window.adsbygoogle || []).push({}); \n<\/script>\n<\/div><br style=\"clear: both; display: block; float: none;\"\/><div id=\"guiad-2147937471\" class=\"guiad-antes-do-conteudo_2 guiad-entity-placement\"><script async src=\"\/\/pagead2.googlesyndication.com\/pagead\/js\/adsbygoogle.js?client=ca-pub-1045376883326522\" crossorigin=\"anonymous\"><\/script><ins class=\"adsbygoogle\" style=\"display:block;\" data-ad-client=\"ca-pub-1045376883326522\" \ndata-ad-slot=\"\" \ndata-ad-format=\"autorelaxed\"><\/ins>\n<script> \n(adsbygoogle = window.adsbygoogle || []).push({}); \n<\/script>\n<\/div><br style=\"clear: both; display: block; float: none;\"\/><div class=\"guiad-antes-do-conteudo guiad-entity-placement\" id=\"guiad-1656479718\"><div id=\"guiad-552354949\"><script async src=\"\/\/pagead2.googlesyndication.com\/pagead\/js\/adsbygoogle.js?client=ca-pub-1045376883326522\" crossorigin=\"anonymous\"><\/script><ins class=\"adsbygoogle\" style=\"display:block;\" data-ad-client=\"ca-pub-1045376883326522\" \ndata-ad-slot=\"2352590890\" \ndata-ad-format=\"auto\"><\/ins>\n<script> \n(adsbygoogle = window.adsbygoogle || []).push({}); \n<\/script>\n<\/div><\/div><hr \/>\n<p><a href=\"https:\/\/guiadepetropolis.com.br\/petropolis\/banner-de-destaque\/\"><img loading=\"lazy\" decoding=\"async\" class=\"aligncenter wp-image-1509 size-full\" title=\"Rio Sul Tapetes\" src=\"https:\/\/guiadepetropolis.com.br\/petropolis\/wp-content\/uploads\/2019\/04\/publi.jpg\" alt=\"Guia de Petr\u00f3polis\" width=\"900\" height=\"300\" srcset=\"https:\/\/guiadepetropolis.com.br\/petropolis\/wp-content\/uploads\/2019\/04\/publi.jpg 900w, https:\/\/guiadepetropolis.com.br\/petropolis\/wp-content\/uploads\/2019\/04\/publi-300x100.jpg 300w, https:\/\/guiadepetropolis.com.br\/petropolis\/wp-content\/uploads\/2019\/04\/publi-768x256.jpg 768w\" sizes=\"auto, (max-width: 900px) 100vw, 900px\" \/><\/a><\/p>\n<hr \/>\n<p><strong><a href=\"https:\/\/arcoflex.com.br\/\">ARCOFLEX<\/a><br \/>\nTel.: (24) 2222-4959<br \/>\nAtua\u00e7\u00e3o: fabrica\u00e7\u00e3o e com\u00e9rcio de embalagens . Tecnologia oxibiodegrad\u00e1vel. Consulte-nos!<br \/>\nEndere\u00e7o: Rod. Phil\u00favio Cerqueira, 2690 &#8211; Itaipava &#8211; Petr\u00f3polis &#8211; RJ<br \/>\nInternet: <a href=\"https:\/\/arcoflex.com.br\/\">www.arcoflex.com.br<\/a><\/strong><\/p>\n<hr \/>\n<p><a href=\"paulomarcio.hptotlitos@gmail.com\"><b>HP FOTOLITOS<\/b><\/a><br \/>\nTel.: (24) 2242-4287<br \/>\nAtua\u00e7\u00e3o: adesivos, lonas, impressos e recortes eletr\u00f4nicos e a laser, desenhos e impress\u00e3o para estamparia!<br \/>\nEndere\u00e7o: Rua Fonseca Ramos, 88, Centro, Petr\u00f3polis &#8211; RJ<br \/>\nInternet: <a href=\"mailto:paulomarcio.hptotlitos@gmail.com\">paulomarcio.hptotlitos@gmail.com<\/a><\/p>\n<hr \/>\n<p><strong><a href=\"http:\/\/filmedepaletizacao.com.br\/\">FILME DE PALETIZA\u00c7\u00c3O<\/a><\/strong><br \/>\n<strong>Tel<\/strong>.: (21) 2481-2479 | (21) 3381-4557<br \/>\n<strong>Atua\u00e7\u00e3o<\/strong>: Filme stretch para Paletiza\u00e7\u00e3o, m\u00e1quinas para paletiza\u00e7\u00e3o, paletizadoras manual e autom\u00e1tica.<br \/>\n<strong>Endere\u00e7o<\/strong>: R. Joaquim Rodrigues, 157 &#8211; Rio de Janeiro &#8211; RJ<br \/>\n<strong>Internet<\/strong>: <a href=\"http:\/\/filmedepaletizacao.com.br\/\">filmedepaletizacao.com.br<\/a><\/p>\n<hr \/>\n<p><a href=\"http:\/\/bral-max.com.br\"><strong>BRAL-MAX<\/strong><\/a><br \/>\n<strong>Tel<\/strong>.:\u00a0 (24) 2233-0100<br \/>\n<strong>Atua\u00e7\u00e3o<\/strong>: fabrica\u00e7\u00e3o de tampas pl\u00e1sticas e batoques para ind\u00fastrias de cosm\u00e9ticos, farmac\u00eautica ou Aliment\u00edcia.<br \/>\n<strong>Endere\u00e7o<\/strong>: Av. Gal Marciano Magalh\u00e3es, 161, Petr\u00f3polis &#8211; RJ<br \/>\n<strong>Internet<\/strong>: <a href=\"http:\/\/bral-max.com.br\/tampas\/\">www.bral-max.com.br<\/a><\/p>\n<hr \/>\n<p>&nbsp;<\/p>\n<p>&nbsp;<\/p>\n<p><strong><a href=\"https:\/\/plasticosfabia.com.br\/\">PL\u00c1STICOS FABIA LTDA<\/a><\/strong>.<br \/>\n<strong>Tel<\/strong>.: (11) 4443-0046 \u2013 (11) 4449-2692<br \/>\n<strong>Atua\u00e7\u00e3o<\/strong> : fabrica\u00e7\u00e3o de sacos para lixo, sacos para feira, sacolas e bobinas pl\u00e1sticas em geral.<br \/>\n<strong>Endere\u00e7o<\/strong>: Rua Dr. Os\u00f3rio C\u00e9sar, 1.220 &#8211; Franco da Rocha &#8211; SP<br \/>\n<strong>Internet<\/strong>: <a href=\"https:\/\/plasticosfabia.com.br\/\">plasticosfabia.com.br<\/a><\/p>\n<hr \/>\n<p><strong><a href=\"https:\/\/www.dnac.com.br\/\">DNAC EMBALAGENS E DESCART\u00c1VEIS<\/a><\/strong><br \/>\n<strong>Tel<\/strong>.: (24) 2245 7000 | (24) 2247 0001<br \/>\n<strong>Atua\u00e7\u00e3o<\/strong>: embalagens e descart\u00e1veis em geral: Consulte-nos e fa\u00e7a seu pedido online.<br \/>\n<strong>Endere\u00e7o<\/strong>: R. Capit\u00e3o Ant\u00f4nio Francisco Magalh\u00e3es, 109 &#8211; Bingen, Petr\u00f3polis -RJ<br \/>\n<strong>Internet<\/strong>: <a href=\"https:\/\/www.dnac.com.br\/\">www.dnac.com.br<\/a><\/p>\n<hr \/>\n<p><strong><a href=\"http:\/\/www.estrelaverde.com.br\/\">ESTRELA VERDE<\/a><\/strong><br \/>\n<strong>Tel<\/strong>.: 45 3224-6767<br \/>\n<strong>Atua\u00e7\u00e3o<\/strong> : TNT e aviamentos industriais em geral.<br \/>\n<strong>Endere\u00e7o<\/strong>: Av, Piquiri 419 &#8211; Cascavel &#8211; Paran\u00e1 &#8211; PR<br \/>\n<strong>Internet<\/strong>: <a href=\"http:\/\/www.estrelaverde.com.br\/\">www.estrelaverde.com.br<\/a><\/p>\n<hr \/>\n<p><strong><a href=\"http:\/\/plasthim.com.br\/\">PLASTHIM<\/a><\/strong><br \/>\n<strong>Tel<\/strong>.: (21) 2567-3739<br \/>\n<strong>Atua\u00e7\u00e3o<\/strong>: sacos em TNT em geral, Bolsa e sacolas para embalagem. Melhor pre\u00e7o no atacado!<br \/>\n<strong>Endere\u00e7o<\/strong>: Rio de Janeiro &#8211; RJ<br \/>\n<strong>Internet<\/strong>: <a href=\"http:\/\/plasthim.com.br\/\">www.plasthim.com.br<\/a><\/p>\n<hr \/>\n<p><strong><a href=\"http:\/\/fadaplasticos.com.br\/\">FADA PL\u00c1STICOS IND\u00daSTRIA DE EMBALAGENS.<\/a><\/strong><br \/>\n<strong>Tel<\/strong>.: (51)3487 1797<br \/>\n<strong>Atua\u00e7\u00e3o<\/strong> : Embalagens pl\u00e1sticas para ind\u00fastria qu\u00edmica , farmaceutica e produtos veterin\u00e1rios.<br \/>\n<strong>Endere\u00e7o<\/strong>: Estrada Cap\u00e3o da lagoa, 2004 &#8211; Glorinha &#8211; RS<br \/>\n<strong>Internet<\/strong>: <a href=\"http:\/\/fadaplasticos.com.br\/\">www.fadaplasticos.com.br<\/a><\/p>\n<hr \/>\n<p><strong><a href=\"https:\/\/sushitoday.mega.ind.br\/\">SUSHI TODAY<\/a><\/strong><br \/>\n<strong>Tel<\/strong>.: (11) 3976-6969<br \/>\n<strong>Atua\u00e7\u00e3o<\/strong> : Embalagens pl\u00e1sticas para comida oriental, embalagem para comida japonesa.<br \/>\n<strong>Endere\u00e7o<\/strong>: Av. Cristo Rei 230 &#8211; S\u00e3o Paulo &#8211; SP<br \/>\n<strong>Internet<\/strong>: <a href=\"https:\/\/sushitoday.mega.ind.br\/\" target=\"_blank\" rel=\"noopener noreferrer\">sushitoday.mega.ind.br<\/a><\/p>\n<hr \/>\n<p><strong><a href=\"http:\/\/filmedepaletizacao.com.br\/\">FILME DE PALETIZA\u00c7\u00c3O<\/a><\/strong><br \/>\n<strong>Tel<\/strong>.: (21) 2481-2479 | (21) 3381-4557<br \/>\n<strong>Atua\u00e7\u00e3o<\/strong>: Filme stretch para Paletiza\u00e7\u00e3o, m\u00e1quinas para paletiza\u00e7\u00e3o, paletizadoras manual e autom\u00e1tica.<br \/>\n<strong>Endere\u00e7o<\/strong>: R. Joaquim Rodrigues, 157 &#8211; Rio de Janeiro &#8211; RJ<br \/>\n<strong>Internet<\/strong>: <a href=\"http:\/\/filmedepaletizacao.com.br\/\">filmedepaletizacao.com.br<\/a><\/p>\n<hr \/>\n<p><strong><a href=\"http:\/\/www.plastville.com.br\/\" target=\"_blank\" rel=\"noopener noreferrer\">PLASTVILLE<\/a><\/strong><br \/>\n<strong>Tel.: <\/strong>97595 &#8211; 1589 \/ 99282 &#8211; 7885 <strong><br \/>\nAtua\u00e7\u00e3o<\/strong> : Chapa de acr\u00edlico, display de acr\u00edlico,urna de acr\u00edlico,placas de acr\u00edlico.<br \/>\n<strong>Endere\u00e7o<\/strong>: R. Francisco rua Enes, 72 &#8211; Rio de Janeiro &#8211; RJ<br \/>\n<strong>Internet<\/strong>: <a href=\"http:\/\/www.plastville.com.br\/\">www.plastville.com.br<\/a><\/p>\n<hr \/>\n<p><a href=\"http:\/\/www.doseliembalagens.com.br\"><strong>DOSELI EMBALAGENS<\/strong><\/a><br \/>\n<strong>Tel<\/strong>.: (24)\u00a02237-7487<br \/>\n<strong>Atua\u00e7\u00e3o<\/strong>: embalagem promocional e embalagens personalizadas em tnt.<br \/>\n<strong>Endere\u00e7o<\/strong>: Rua Washington Luiz, 469,\u00a0 Centro &#8211; Petr\u00f3polis -RJ<br \/>\n<strong>Internet<\/strong>: <a href=\"http:\/\/www.doseliembalagens.com.br\">doseliembalagens.com.br<\/a><\/p>\n<hr \/>\n<p><strong><a href=\"https:\/\/www.angelflex.com.br\/\">ANGELFLEX.COM.BR<\/a><\/strong><br \/>\n<strong>Tel<\/strong>.: (19) 3327-8193 | (19) 99344-8552<br \/>\n<strong>Atua\u00e7\u00e3o<\/strong>: sacolas ecologicas, sacolas de papel kraft, sacolas pl\u00e1sticas e demais embalagens.<br \/>\n<strong>Endere\u00e7o<\/strong> Rua. Louren\u00e7o Ferrari, 240, Valinhos &#8211; SP<br \/>\n<strong>Internet<\/strong>: <a href=\"https:\/\/www.angelflex.com.br\/\">www.angelflex.com.br<\/a><\/p>\n<hr \/>\n<p><strong><a href=\"http:\/\/sacolasmj.com.br\/\">MJ EMBALAGENS<\/a><\/strong><br \/>\n<strong>Tel<\/strong>.: (24) 2248-1666\/99904-3166<br \/>\n<strong>Atua\u00e7\u00e3o<\/strong>: Sacolas de Pl\u00e1stico e Papel Personalizadas.<br \/>\n<strong>Endere\u00e7o<\/strong> Petr\u00f3polis &#8211; RJ<br \/>\n<strong>Internet<\/strong>: <a href=\"http:\/\/sacolasmj.com.br\/\">www.sacolasmj.com.br<\/a><\/p>\n<hr \/>\n<p><script async src=\"https:\/\/pagead2.googlesyndication.com\/pagead\/js\/adsbygoogle.js\"><\/script><br \/>\n<!-- 2020 --><br \/>\n<ins class=\"adsbygoogle\" style=\"display: block;\" data-ad-client=\"ca-pub-1045376883326522\" data-ad-slot=\"2420231355\" data-ad-format=\"auto\" data-full-width-responsive=\"true\"><\/ins><br \/>\n<script>\n     (adsbygoogle = window.adsbygoogle || []).push({});\n<\/script><\/p>\n<hr \/>\n<a href=\"https:\/\/guiadepetropolis.com.br\/petropolis\/anuncie-no-guia\/\" class=\"su-button su-button-style-default\" style=\"color:#FFFFFF;background-color:#1b8ac8;border-color:#166fa0;border-radius:5px\" target=\"_self\"><span style=\"color:#FFFFFF;padding:0px 16px;font-size:13px;line-height:26px;border-color:#60aed9;border-radius:5px;text-shadow:none\"> Anuncie Gratuitamente <\/span><\/a> <a href=\"https:\/\/guiadepetropolis.com.br\/petropolis\/banner-de-destaque\/\" class=\"su-button su-button-style-default\" style=\"color:#FFFFFF;background-color:#1b8ac8;border-color:#166fa0;border-radius:5px\" target=\"_self\"><span style=\"color:#FFFFFF;padding:0px 16px;font-size:13px;line-height:26px;border-color:#60aed9;border-radius:5px;text-shadow:none\"> Banner <\/span><\/a>\n<hr \/>\n<p><em>A ordem e disposi\u00e7\u00e3o dos an\u00fancios obedecem os seguintes crit\u00e9rios:<\/em><br \/>\n<em>1. An\u00fancios Patrocinados<\/em><br \/>\n<em>2. Data de inclus\u00e3o do an\u00fancio<\/em><br \/>\n<em><a href=\"https:\/\/guiadepetropolis.com.br\/petropolis\/contatos\/\">D\u00favidas? Fale conosco<\/a><\/em><\/p>\n<div id=\"guiad-3565361573\" class=\"guiad-depois-do-conteudo guiad-entity-placement\"><a href=\"http:\/\/edirefilho.com.br\/transportes\/\" target=\"_blank\" aria-label=\"Edir e Filho Mudan\u00e7as e Fretes - Em Petr\u00f3polis e para todo Brasil\"><img loading=\"lazy\" decoding=\"async\" src=\"https:\/\/guiadepetropolis.com.br\/petropolis\/wp-content\/uploads\/2019\/04\/2020-1.jpg\" alt=\"Edir e Filho Mudan\u00e7as e Fretes - Em Petr\u00f3polis e para todo Brasil\"  srcset=\"https:\/\/guiadepetropolis.com.br\/petropolis\/wp-content\/uploads\/2019\/04\/2020-1.jpg 900w, https:\/\/guiadepetropolis.com.br\/petropolis\/wp-content\/uploads\/2019\/04\/2020-1-300x100.jpg 300w, https:\/\/guiadepetropolis.com.br\/petropolis\/wp-content\/uploads\/2019\/04\/2020-1-768x256.jpg 768w\" sizes=\"(max-width: 900px) 100vw, 900px\" width=\"900\" height=\"300\"   \/><\/a><\/div>","protected":false},"excerpt":{"rendered":"<p>ARCOFLEX Tel.: (24) 2222-4959 Atua\u00e7\u00e3o: fabrica\u00e7\u00e3o e com\u00e9rcio de embalagens . Tecnologia oxibiodegrad\u00e1vel. Consulte-nos! Endere\u00e7o: Rod. Phil\u00favio Cerqueira, 2690 &#8211; Itaipava &#8211; Petr\u00f3polis &#8211; RJ Internet: www.arcoflex.com.br HP FOTOLITOS Tel.: (24) 2242-4287 Atua\u00e7\u00e3o: adesivos, lonas, impressos e recortes eletr\u00f4nicos e a laser, desenhos e impress\u00e3o para estamparia! Endere\u00e7o: Rua Fonseca Ramos, 88, Centro, Petr\u00f3polis &#8211;&#8230;<\/p>\n","protected":false},"author":1,"featured_media":0,"parent":0,"menu_order":0,"comment_status":"closed","ping_status":"closed","template":"","meta":{"footnotes":"","_links_to":"","_links_to_target":""},"class_list":["post-1623","page","type-page","status-publish","hentry"],"_links":{"self":[{"href":"https:\/\/guiadepetropolis.com.br\/petropolis\/wp-json\/wp\/v2\/pages\/1623","targetHints":{"allow":["GET"]}}],"collection":[{"href":"https:\/\/guiadepetropolis.com.br\/petropolis\/wp-json\/wp\/v2\/pages"}],"about":[{"href":"https:\/\/guiadepetropolis.com.br\/petropolis\/wp-json\/wp\/v2\/types\/page"}],"author":[{"embeddable":true,"href":"https:\/\/guiadepetropolis.com.br\/petropolis\/wp-json\/wp\/v2\/users\/1"}],"replies":[{"embeddable":true,"href":"https:\/\/guiadepetropolis.com.br\/petropolis\/wp-json\/wp\/v2\/comments?post=1623"}],"version-history":[{"count":3,"href":"https:\/\/guiadepetropolis.com.br\/petropolis\/wp-json\/wp\/v2\/pages\/1623\/revisions"}],"predecessor-version":[{"id":1719,"href":"https:\/\/guiadepetropolis.com.br\/petropolis\/wp-json\/wp\/v2\/pages\/1623\/revisions\/1719"}],"wp:attachment":[{"href":"https:\/\/guiadepetropolis.com.br\/petropolis\/wp-json\/wp\/v2\/media?parent=1623"}],"curies":[{"name":"wp","href":"https:\/\/api.w.org\/{rel}","templated":true}]}}