{"id":276,"date":"2019-05-03T10:04:40","date_gmt":"2019-05-03T13:04:40","guid":{"rendered":"https:\/\/guiadepetropolis.com.br\/petropolis\/?page_id=276"},"modified":"2019-08-19T14:28:08","modified_gmt":"2019-08-19T17:28:08","slug":"museu-imperial-de-petropolis","status":"publish","type":"page","link":"https:\/\/guiadepetropolis.com.br\/petropolis\/museu-imperial-de-petropolis\/","title":{"rendered":"Museu Imperial de Petr\u00f3polis"},"content":{"rendered":"<div id=\"guiad-1685327912\" class=\"guiad-antes-do-conteudo_3 guiad-entity-placement\"><script async src=\"\/\/pagead2.googlesyndication.com\/pagead\/js\/adsbygoogle.js?client=ca-pub-1045376883326522\" crossorigin=\"anonymous\"><\/script><ins class=\"adsbygoogle\" style=\"display:block;\" data-ad-client=\"ca-pub-1045376883326522\" \ndata-ad-slot=\"\" \ndata-ad-format=\"autorelaxed\"><\/ins>\n<script> \n(adsbygoogle = window.adsbygoogle || []).push({}); \n<\/script>\n<\/div><br style=\"clear: both; display: block; float: none;\"\/><div id=\"guiad-2491303599\" class=\"guiad-antes-do-conteudo_2 guiad-entity-placement\"><script async src=\"\/\/pagead2.googlesyndication.com\/pagead\/js\/adsbygoogle.js?client=ca-pub-1045376883326522\" crossorigin=\"anonymous\"><\/script><ins class=\"adsbygoogle\" style=\"display:block;\" data-ad-client=\"ca-pub-1045376883326522\" \ndata-ad-slot=\"\" \ndata-ad-format=\"autorelaxed\"><\/ins>\n<script> \n(adsbygoogle = window.adsbygoogle || []).push({}); \n<\/script>\n<\/div><br style=\"clear: both; display: block; float: none;\"\/><div class=\"guiad-antes-do-conteudo guiad-entity-placement\" id=\"guiad-4107351847\"><div id=\"guiad-1076338950\"><script async src=\"\/\/pagead2.googlesyndication.com\/pagead\/js\/adsbygoogle.js?client=ca-pub-1045376883326522\" crossorigin=\"anonymous\"><\/script><ins class=\"adsbygoogle\" style=\"display:inline-block;width:0px;height:0px;\" \ndata-ad-client=\"ca-pub-1045376883326522\" \ndata-ad-slot=\"1054508017\"><\/ins> \n<script> \n(adsbygoogle = window.adsbygoogle || []).push({}); \n<\/script>\n<\/div><\/div><p><img loading=\"lazy\" decoding=\"async\" class=\"aligncenter wp-image-1010 size-full\" src=\"https:\/\/guiadepetropolis.com.br\/petropolis\/wp-content\/uploads\/2019\/08\/001.jpg\" alt=\"Museu Imperial\" width=\"960\" height=\"719\" srcset=\"https:\/\/guiadepetropolis.com.br\/petropolis\/wp-content\/uploads\/2019\/08\/001.jpg 960w, https:\/\/guiadepetropolis.com.br\/petropolis\/wp-content\/uploads\/2019\/08\/001-300x225.jpg 300w, https:\/\/guiadepetropolis.com.br\/petropolis\/wp-content\/uploads\/2019\/08\/001-768x575.jpg 768w\" sizes=\"auto, (max-width: 960px) 100vw, 960px\" \/><\/p>\n<hr \/>\n<div class=\"su-note\"  style=\"border-color:#dfdfdf;border-radius:3px;-moz-border-radius:3px;-webkit-border-radius:3px;\"><div class=\"su-note-inner su-u-clearfix su-u-trim\" style=\"background-color:#f9f9f9;border-color:#ffffff;color:#333333;border-radius:3px;-moz-border-radius:3px;-webkit-border-radius:3px;\">\n<p><strong>Visitas<\/strong>:\u00a0ter\u00e7a a domingo, 11h \u00e0s 17h30 &#8211; Bilheteria at\u00e9 \u00e0s 17h30<br \/>\n<strong>Telefone<\/strong>:\u00a0(24) 2233-0300\/ 2233-0360<br \/>\n<strong>Endere\u00e7o: <\/strong><a href=\"https:\/\/www.google.com.br\/maps\/place\/Museu+Imperial\/@-22.508097,-43.1778379,17z\/data=!3m1!4b1!4m5!3m4!1s0x9908004e1d5b27:0x3276bb74b7c165c9!8m2!3d-22.508097!4d-43.1756492\" target=\"_blank\" rel=\"noopener noreferrer\">Rua da Imperatriz, 220 \u2013 Centro<\/a><br \/>\n<strong>Ingresso<\/strong>: R$ 10,00 (inteira) \/ R$ 5,00 (meia) Acima de 80 anos e crian\u00e7as at\u00e9 6 anos: acesso livre Grupos de estudantes: agendar visita\u00e7\u00e3o<br \/>\n<strong>Site:<\/strong> <a href=\"http:\/\/museuimperial.museus.gov.br\/\">www.museuimperial.gov.br<\/a><\/p>\n<hr \/>\n<p><em>Pre\u00e7os e hor\u00e1rios podem sofrer atualiza\u00e7\u00f5es. Recomendamos confirmar com a atra\u00e7\u00e3o ou no<a href=\"http:\/\/www.petropolis.rj.gov.br\/\" target=\"_blank\" rel=\"noopener noreferrer\"> site da Prefeitura de Petr\u00f3polis.<\/a><\/em><\/p>\n<\/div><\/div>\n<hr \/>\n<p><strong>Informa\u00e7\u00f5es hist\u00f3ricas<\/strong>: &#8220;Localizado no antigo Pal\u00e1cio Imperial, a resid\u00eancia preferida de D. Pedro II, mandado construir em 1845 pelo Imperador e dado por conclu\u00eddo em 1864. A constru\u00e7\u00e3o em estilo neocl\u00e1ssico \u00e9 considerada relativamente simples, para resid\u00eancia de soberanos, mas perfeitamente adaptada \u00e0 fun\u00e7\u00e3o de casa de campo, sem deixar de ser elegante. Possui um corpo central de dois pavimentos e um terra\u00e7o sobre o p\u00f3rtico e duas alas dotadas cada qual de 12 janelas. Na fachada central, figuram as armas do Imp\u00e9rio.<\/p>\n<p>Tr\u00eas arquitetos al\u00e9m de J\u00falio Frederico Koeler, autor do projeto original, colaboraram na constru\u00e7\u00e3o: Jos\u00e9 C\u00e2ndido Guillobel, Ara\u00fajo Porto Alegre e Jos\u00e9 Maria Jacinto Rabelo.<\/p>\n<p>Foi constru\u00eddo com recursos particulares do Imperador, nas terras da Fazenda do C\u00f3rrego Seco, herdadas de seu pai, D. Pedro I que sonhou ali construir seu Pal\u00e1cio de Ver\u00e3o, o Pal\u00e1cio da Conc\u00f3rdia. Foi constru\u00eddo solidamente com largas paredes de pedra com madeira de lei procedentes de v\u00e1rias regi\u00f5es do pa\u00eds. Seus jardins planejados pelo bot\u00e2nico Jean Baptiste Binot com orienta\u00e7\u00e3o pessoal de D. Pedro II conservam at\u00e9 hoje suas caracter\u00edsticas, com variedade de esp\u00e9cies bot\u00e2nicas originais, est\u00e1tuas gregas, fontes e repuxos.<\/p>\n<p>Desde 1848 D. Pedro II passou a veranear no seu Pal\u00e1cio de Petr\u00f3polis. Com exce\u00e7\u00e3o dos ver\u00f5es de 1865 \u00e0 1869, justamente os do per\u00edodo que abrangeu a guerra do Paraguai, sua estada em Petr\u00f3polis prolongava-se por quase 6 meses, aproveitando ent\u00e3o para dedicar-se a seus estudos prediletos, fazer visitas a educand\u00e1rios e dar longos passeios a p\u00e9 e a cavalo.<\/p>\n<p>Ap\u00f3s a Proclama\u00e7\u00e3o da Rep\u00fablica o Pal\u00e1cio foi alugado ao Col\u00e9gio Notre Dame de Sion (1892-1908) e ao Col\u00e9gio S\u00e3o Vicente de Paula (1909-1940).<\/p>\n<p>Alcindo de Azevedo Sodr\u00e9, um ex-aluno do Col\u00e9gio S\u00e3o Vicente de Paula, apaixonado por hist\u00f3ria, sonhava acordado com a transforma\u00e7\u00e3o do seu col\u00e9gio em um museu hist\u00f3rico. Gra\u00e7as a sua interven\u00e7\u00e3o junto ao Presidente Get\u00falio Vargas criou em 16 de mar\u00e7o de 1943 o Museu Imperial.<\/p>\n<p>A atra\u00e7\u00e3o principal \u00e9 a coroa de D. Pedro II, exibida com medidas de seguran\u00e7a. \u00c9 toda em ouro cinzelado, ornamentada com brilhantes e p\u00e9rolas, tamb\u00e9m em exposi\u00e7\u00f5es a coroa de Pedro I e o cetro em ouro. Destacam-se tamb\u00e9m a sala de visitas da Imperatriz, sala de jantar, de m\u00fasica, os quartos de D. Pedro II e a sala das j\u00f3ias, al\u00e9m da sala de exposi\u00e7\u00f5es tempor\u00e1rias. Possui grande quantidade de objetos e pe\u00e7as al\u00e9m de obras raras de grande interesse para o estabelecimento da nossa hist\u00f3ria.&#8221;<\/p>\n\t\t<div id=\"instagram-gallery-feed-4\" class=\"instagram-gallery-feed\" data-feed=\"{&quot;id&quot;:4,&quot;account_id&quot;:&quot;13320088191&quot;,&quot;source&quot;:&quot;tag&quot;,&quot;tag&quot;:&quot;guiadepetropolis_museuimperial&quot;,&quot;order_by&quot;:&quot;top_media&quot;,&quot;layout&quot;:&quot;gallery&quot;,&quot;limit&quot;:33,&quot;columns&quot;:3,&quot;spacing&quot;:10,&quot;lazy&quot;:false,&quot;responsive&quot;:{&quot;desktop&quot;:{&quot;columns&quot;:3,&quot;spacing&quot;:10},&quot;tablet&quot;:{&quot;columns&quot;:2,&quot;spacing&quot;:8},&quot;mobile&quot;:{&quot;columns&quot;:1,&quot;spacing&quot;:6},&quot;breakpoints&quot;:{&quot;tablet&quot;:768,&quot;mobile&quot;:480}},&quot;aspect_ratio&quot;:{&quot;width&quot;:1,&quot;height&quot;:1},&quot;highlight&quot;:{&quot;tag&quot;:&quot;&quot;,&quot;id&quot;:&quot;&quot;,&quot;position&quot;:&quot;&quot;},&quot;reel&quot;:{&quot;hide&quot;:false},&quot;copyright&quot;:{&quot;hide&quot;:false,&quot;placeholder&quot;:&quot;&quot;},&quot;profile&quot;:{&quot;display&quot;:false,&quot;username&quot;:&quot;&quot;,&quot;nickname&quot;:&quot;&quot;,&quot;website&quot;:&quot;&quot;,&quot;biography&quot;:&quot;&quot;,&quot;link_text&quot;:&quot;Follow&quot;,&quot;website_text&quot;:&quot;Website&quot;,&quot;avatar&quot;:&quot;&quot;},&quot;box&quot;:{&quot;display&quot;:false,&quot;padding&quot;:1,&quot;radius&quot;:0,&quot;background&quot;:&quot;#fefefe&quot;,&quot;profile&quot;:false,&quot;desc&quot;:&quot;&quot;,&quot;text_color&quot;:&quot;#000000&quot;},&quot;mask&quot;:{&quot;display&quot;:true,&quot;background&quot;:&quot;&quot;,&quot;icon_color&quot;:&quot;#ffffff&quot;,&quot;likes_count&quot;:true,&quot;comments_count&quot;:true},&quot;card&quot;:{&quot;display&quot;:false,&quot;radius&quot;:1,&quot;font_size&quot;:12,&quot;background&quot;:&quot;#ffffff&quot;,&quot;background_hover&quot;:&quot;&quot;,&quot;text_color&quot;:&quot;#000000&quot;,&quot;padding&quot;:5,&quot;likes_count&quot;:true,&quot;text_length&quot;:10,&quot;comments_count&quot;:true,&quot;text_align&quot;:&quot;left&quot;},&quot;carousel&quot;:{&quot;centered_slides&quot;:false,&quot;autoplay&quot;:true,&quot;autoplay_interval&quot;:3000,&quot;navarrows&quot;:true,&quot;navarrows_color&quot;:&quot;&quot;,&quot;pagination&quot;:true,&quot;pagination_color&quot;:&quot;&quot;},&quot;modal&quot;:{&quot;display&quot;:true,&quot;profile&quot;:false,&quot;media_description&quot;:true,&quot;likes_count&quot;:true,&quot;comments_count&quot;:true,&quot;comments_list&quot;:false,&quot;text_align&quot;:&quot;left&quot;,&quot;modal_align&quot;:&quot;right&quot;,&quot;text_length&quot;:10000,&quot;font_size&quot;:12},&quot;button&quot;:{&quot;display&quot;:true,&quot;text&quot;:&quot;View on Instagram&quot;,&quot;text_color&quot;:&quot;#ffff&quot;,&quot;background&quot;:&quot;&quot;,&quot;background_hover&quot;:&quot;&quot;},&quot;button_load&quot;:{&quot;display&quot;:false,&quot;text&quot;:&quot;Load more...&quot;,&quot;text_color&quot;:&quot;#ffff&quot;,&quot;background&quot;:&quot;&quot;,&quot;background_hover&quot;:&quot;&quot;}}\">\n\t\t<!-- <FeedContainer\/> -->\n\t\t<\/div>\n\t\t\n<hr \/>\n<p><a href=\"https:\/\/guiadepetropolis.com.br\/petropolis\/contato\/\">Mais informa\u00e7\u00f5es? Clique e fale conosco!<\/a><\/p>\n<div id=\"guiad-276856922\" class=\"guiad-depois-do-conteudo guiad-entity-placement\"><a href=\"http:\/\/edirefilho.com.br\/transportes\/\" target=\"_blank\" aria-label=\"Edir e Filho Mudan\u00e7as e Fretes - Em Petr\u00f3polis e para todo Brasil\"><img loading=\"lazy\" decoding=\"async\" src=\"https:\/\/guiadepetropolis.com.br\/petropolis\/wp-content\/uploads\/2019\/04\/2020-1.jpg\" alt=\"Edir e Filho Mudan\u00e7as e Fretes - Em Petr\u00f3polis e para todo Brasil\"  srcset=\"https:\/\/guiadepetropolis.com.br\/petropolis\/wp-content\/uploads\/2019\/04\/2020-1.jpg 900w, https:\/\/guiadepetropolis.com.br\/petropolis\/wp-content\/uploads\/2019\/04\/2020-1-300x100.jpg 300w, https:\/\/guiadepetropolis.com.br\/petropolis\/wp-content\/uploads\/2019\/04\/2020-1-768x256.jpg 768w\" sizes=\"(max-width: 900px) 100vw, 900px\" width=\"900\" height=\"300\"   \/><\/a><\/div>","protected":false},"excerpt":{"rendered":"<p>Informa\u00e7\u00f5es hist\u00f3ricas: &#8220;Localizado no antigo Pal\u00e1cio Imperial, a resid\u00eancia preferida de D. Pedro II, mandado construir em 1845 pelo Imperador e dado por conclu\u00eddo em 1864. A constru\u00e7\u00e3o em estilo neocl\u00e1ssico \u00e9 considerada relativamente simples, para resid\u00eancia de soberanos, mas perfeitamente adaptada \u00e0 fun\u00e7\u00e3o de casa de campo, sem deixar de ser elegante. Possui um&#8230;<\/p>\n","protected":false},"author":1,"featured_media":0,"parent":0,"menu_order":0,"comment_status":"closed","ping_status":"closed","template":"","meta":{"footnotes":"","_links_to":"","_links_to_target":""},"class_list":["post-276","page","type-page","status-publish","hentry"],"_links":{"self":[{"href":"https:\/\/guiadepetropolis.com.br\/petropolis\/wp-json\/wp\/v2\/pages\/276","targetHints":{"allow":["GET"]}}],"collection":[{"href":"https:\/\/guiadepetropolis.com.br\/petropolis\/wp-json\/wp\/v2\/pages"}],"about":[{"href":"https:\/\/guiadepetropolis.com.br\/petropolis\/wp-json\/wp\/v2\/types\/page"}],"author":[{"embeddable":true,"href":"https:\/\/guiadepetropolis.com.br\/petropolis\/wp-json\/wp\/v2\/users\/1"}],"replies":[{"embeddable":true,"href":"https:\/\/guiadepetropolis.com.br\/petropolis\/wp-json\/wp\/v2\/comments?post=276"}],"version-history":[{"count":9,"href":"https:\/\/guiadepetropolis.com.br\/petropolis\/wp-json\/wp\/v2\/pages\/276\/revisions"}],"predecessor-version":[{"id":1013,"href":"https:\/\/guiadepetropolis.com.br\/petropolis\/wp-json\/wp\/v2\/pages\/276\/revisions\/1013"}],"wp:attachment":[{"href":"https:\/\/guiadepetropolis.com.br\/petropolis\/wp-json\/wp\/v2\/media?parent=276"}],"curies":[{"name":"wp","href":"https:\/\/api.w.org\/{rel}","templated":true}]}}