{"id":293,"date":"2019-05-03T10:17:58","date_gmt":"2019-05-03T13:17:58","guid":{"rendered":"https:\/\/guiadepetropolis.com.br\/petropolis\/?page_id=293"},"modified":"2019-05-03T10:17:58","modified_gmt":"2019-05-03T13:17:58","slug":"casa-da-rua-ipiranga","status":"publish","type":"page","link":"https:\/\/guiadepetropolis.com.br\/petropolis\/casa-da-rua-ipiranga\/","title":{"rendered":"Casa da Rua Ipiranga"},"content":{"rendered":"<div id=\"guiad-84722159\" class=\"guiad-antes-do-conteudo_3 guiad-entity-placement\"><script async src=\"\/\/pagead2.googlesyndication.com\/pagead\/js\/adsbygoogle.js?client=ca-pub-1045376883326522\" crossorigin=\"anonymous\"><\/script><ins class=\"adsbygoogle\" style=\"display:block;\" data-ad-client=\"ca-pub-1045376883326522\" \ndata-ad-slot=\"\" \ndata-ad-format=\"autorelaxed\"><\/ins>\n<script> \n(adsbygoogle = window.adsbygoogle || []).push({}); \n<\/script>\n<\/div><br style=\"clear: both; display: block; float: none;\"\/><div id=\"guiad-3250145314\" class=\"guiad-antes-do-conteudo_2 guiad-entity-placement\"><script async src=\"\/\/pagead2.googlesyndication.com\/pagead\/js\/adsbygoogle.js?client=ca-pub-1045376883326522\" crossorigin=\"anonymous\"><\/script><ins class=\"adsbygoogle\" style=\"display:block;\" data-ad-client=\"ca-pub-1045376883326522\" \ndata-ad-slot=\"\" \ndata-ad-format=\"autorelaxed\"><\/ins>\n<script> \n(adsbygoogle = window.adsbygoogle || []).push({}); \n<\/script>\n<\/div><br style=\"clear: both; display: block; float: none;\"\/><div class=\"guiad-antes-do-conteudo guiad-entity-placement\" id=\"guiad-2192474006\"><div id=\"guiad-2143446899\"><script async src=\"\/\/pagead2.googlesyndication.com\/pagead\/js\/adsbygoogle.js?client=ca-pub-1045376883326522\" crossorigin=\"anonymous\"><\/script><ins class=\"adsbygoogle\" style=\"display:inline-block;width:0px;height:0px;\" \ndata-ad-client=\"ca-pub-1045376883326522\" \ndata-ad-slot=\"4454696979\"><\/ins> \n<script> \n(adsbygoogle = window.adsbygoogle || []).push({}); \n<\/script>\n<\/div><\/div><p><img loading=\"lazy\" decoding=\"async\" class=\"wp-image-205 size-full\" title=\"Casa da Rua Ipiranga\" src=\"https:\/\/guiadepetropolis.com.br\/petropolis\/wp-content\/uploads\/2019\/05\/7erros01.jpg\" alt=\"Casa da Rua Ipiranga\" width=\"996\" height=\"747\" srcset=\"https:\/\/guiadepetropolis.com.br\/petropolis\/wp-content\/uploads\/2019\/05\/7erros01.jpg 996w, https:\/\/guiadepetropolis.com.br\/petropolis\/wp-content\/uploads\/2019\/05\/7erros01-300x225.jpg 300w, https:\/\/guiadepetropolis.com.br\/petropolis\/wp-content\/uploads\/2019\/05\/7erros01-768x576.jpg 768w\" sizes=\"auto, (max-width: 996px) 100vw, 996px\" \/><\/p>\n<div class=\"su-note\"  style=\"border-color:#dfdfdf;border-radius:3px;-moz-border-radius:3px;-webkit-border-radius:3px;\"><div class=\"su-note-inner su-u-clearfix su-u-trim\" style=\"background-color:#f9f9f9;border-color:#ffffff;color:#333333;border-radius:3px;-moz-border-radius:3px;-webkit-border-radius:3px;\">\n<p><strong>Visitas<\/strong>: sexta a domingo, 14h \u00e0s 18h.<br \/>\n<strong>Telefone<\/strong>: (24) 2231-8718\/ 99249-3319<br \/>\n<strong>Endere\u00e7o: <\/strong><a href=\"https:\/\/goo.gl\/maps\/21DBgvR32fwvKh9aA\">Av. Ipiranga, 716 &#8211; Centro<\/a><br \/>\n<strong>Ingresso<\/strong>: R$ 10,00 (inteira) \/ R$ 5,00 (meia)<br \/>\n<strong>Site:<\/strong> <a href=\"http:\/\/www.petropolis.rj.gov.br\/\">http:\/\/www.petropolis.rj.gov.br\/<\/a><\/p>\n<p><a href=\"https:\/\/www.sescrio.org.br\/unidades\/sesc-quitandinha\/informacoes\" target=\"_blank\" rel=\"noopener noreferrer\"><em>Pre\u00e7os e hor\u00e1rios podem sofrer atualiza\u00e7\u00f5es. Recomendamos confirmar com a atra\u00e7\u00e3o ou no<\/em><\/a><em><a href=\"http:\/\/www.petropolis.rj.gov.br\/\" target=\"_blank\" rel=\"noopener noreferrer\"> site da Prefeitura de Petr\u00f3polis.<\/a><\/em><\/p>\n<\/div><\/div>\n<hr \/>\n<p><strong>Informa\u00e7\u00f5es hist\u00f3ricas<\/strong>: a\u00a0linda casa da Avenida Ipiranga 716, t\u00eam uma hist\u00f3ria bem real.<br \/>\n\u00c9 um im\u00f3vel representativo da arquitetura ecl\u00e9tica do final do s\u00e9culo XIX e que continua intacto.<\/p>\n<p>Constru\u00edda em 1884 por Jos\u00e9 Tavares Guerra, afilhado do Bar\u00e3o de Mau\u00e1. Seus jardins foram projetados pelo bot\u00e2nico franc\u00eas Auguste Glaziou. Na antiga estrebaria localiza-se o primeiro rel\u00f3gio de torre da cidade.<\/p>\n<p>Jos\u00e9 Tavares Guerra educou-se na Inglaterra, tendo vivido na Europa desde os 07 at\u00e9 aos 28 anos de idade, indo inicialmente para a Alemanha, pois naquela \u00e9poca a Inglaterra n\u00e3o aceitava matricular pessoas vindas do Brasil por causa das chamadas doen\u00e7as tropicais. Aos 15 anos, finalmente pode ir para a Inglaterra, a fazer os estudos superiores, gra\u00e7as a interven\u00e7\u00e3o do Bar\u00e3o de Mau\u00e1, seu padrinho de batismo. De volta ao Brasil, cheio de boas lembran\u00e7as da velha Europa, resolveu construir uma &#8220;Nova Inglaterra&#8221; para seu uso particular.<\/p>\n<p>Para construir a mans\u00e3o tipo &#8220;Queen Victoria&#8221;, importou grande parte do material (inclusive trabalhos em madeira de lei brasileira, l\u00e1 entalhada), al\u00e9m de ma\u00e7anetas e dobradi\u00e7as de bronze, os brocados que revestem paredes dos sal\u00f5es, as lareiras de m\u00e1rmore de Carrara, os monumentais lustres e os apliques da famosa Fundi\u00e7\u00e3o Barbedienne (1) encimados por cristais Baccarat, assim como os espelhos, igualmente franceses, que cobrem parte das paredes do sal\u00e3o.<\/p>\n<p>Os tetos pintados sobre tela ou diretamente na madeira (h\u00e1 outros exemplares na cidade), s\u00e3o obra do pintor alem\u00e3o Schaeffer, que acabou aqui se radicando. No &#8220;fumoir&#8221; da sala de jantar, as pinturas s\u00e3o atribu\u00eddas ao pintor italiano Dall&#8217; Ara (2), que tamb\u00e9m pintou os afrescos da &#8221; Villa Itarar\u00e9&#8221;, outra linda mans\u00e3o nesta cidade. Um dos sal\u00f5es \u00e9 todo forrado em seda e outro em papel trabalhado a ouro com relevos.<\/p>\n<p>Durante a constru\u00e7\u00e3o da casa, atuou o engenheiro formado da Alemanha, Karl Spangenberger (1821 a 1890) que famoso por suas habilidades em madeira e na confec\u00e7\u00e3o de bengalas das quais muito se orgulham os colecionadores.<\/p>\n<p>A mans\u00e3o possui ainda est\u00e1bulos com baias de ferro fundido, numa constru\u00e7\u00e3o dominadas por um grande rel\u00f3gio de torre, o mais antigo da cidade.<\/p>\n<p>Era visitada pelo Imperador Pedro II que percorria o jardim em seus passeios matinais e pelo Visconde de Mau\u00e1.<\/p>\n<p>Al\u00e9m do pr\u00e9dio propriamente dito, h\u00e1 peculiaridade de o jardim ser de autoria do paisagista franc\u00eas Glaziou (3), que veio para o Brasil onde reformulou os jardins da Pra\u00e7a da Aclama\u00e7\u00e3o. hoje Pra\u00e7a da Rep\u00fablica, da Quinta da Boa Vista, resid\u00eancia de D. Pedro II e os do Bar\u00e3o de Nova Friburgo.<\/p>\n<p>Hoje a Mans\u00e3o Tavares Guerra pertence aos familiares descendentes e tamb\u00e9m a fam\u00edlia Rocha Miranda.<\/p>\n<p>(1) Barbedienne, Ferdinand &#8211; fundidor franc\u00eas (Saint-Martin de Fresney 1810 &#8211; Paris 1892)<\/p>\n<p>(2) Dall&#8217; Ara, Gustavo &#8211; pintor e arquiteto italiano (Veneza 1865 &#8211; RJ 1923)<\/p>\n<p>(3) Glaziou, Auguste &#8211; bot\u00e2nico franc\u00eas &#8211; (Bretanha 1833 &#8211; Boucal 1897)<\/p>\n<p>Algumas pessoas acham que o nome desta mans\u00e3o \u00e9, Casa dos 7 erros, na realidade n\u00e3o s\u00e3o erros e sim um estilo diferenciado de arquitetura. Vulgarmente chamada pelo povo desta forma. A fam\u00edlia atesta que de erro n\u00e3o tem nada e o setor de Turismo tamb\u00e9m procura n\u00e3o usar esta denomina\u00e7\u00e3o e sim Mans\u00e3o Tavares Guerra &#8211; Casa de Petr\u00f3polis<\/p>\n<hr \/>\n<p>&nbsp;<\/p>\n<p><a href=\"https:\/\/guiadepetropolis.com.br\/petropolis\/contato\/\">Mais informa\u00e7\u00f5es? Clique e fale conosco!<\/a><\/p>\n<div id=\"guiad-3591022786\" class=\"guiad-depois-do-conteudo guiad-entity-placement\"><a href=\"http:\/\/edirefilho.com.br\/transportes\/\" target=\"_blank\" aria-label=\"Edir e Filho Mudan\u00e7as e Fretes - Em Petr\u00f3polis e para todo Brasil\"><img loading=\"lazy\" decoding=\"async\" src=\"https:\/\/guiadepetropolis.com.br\/petropolis\/wp-content\/uploads\/2019\/04\/2020-1.jpg\" alt=\"Edir e Filho Mudan\u00e7as e Fretes - Em Petr\u00f3polis e para todo Brasil\"  srcset=\"https:\/\/guiadepetropolis.com.br\/petropolis\/wp-content\/uploads\/2019\/04\/2020-1.jpg 900w, https:\/\/guiadepetropolis.com.br\/petropolis\/wp-content\/uploads\/2019\/04\/2020-1-300x100.jpg 300w, https:\/\/guiadepetropolis.com.br\/petropolis\/wp-content\/uploads\/2019\/04\/2020-1-768x256.jpg 768w\" sizes=\"(max-width: 900px) 100vw, 900px\" width=\"900\" height=\"300\"   \/><\/a><\/div>","protected":false},"excerpt":{"rendered":"<p>Informa\u00e7\u00f5es hist\u00f3ricas: a\u00a0linda casa da Avenida Ipiranga 716, t\u00eam uma hist\u00f3ria bem real. \u00c9 um im\u00f3vel representativo da arquitetura ecl\u00e9tica do final do s\u00e9culo XIX e que continua intacto. Constru\u00edda em 1884 por Jos\u00e9 Tavares Guerra, afilhado do Bar\u00e3o de Mau\u00e1. Seus jardins foram projetados pelo bot\u00e2nico franc\u00eas Auguste Glaziou. Na antiga estrebaria localiza-se o&#8230;<\/p>\n","protected":false},"author":1,"featured_media":0,"parent":0,"menu_order":0,"comment_status":"closed","ping_status":"closed","template":"","meta":{"footnotes":"","_links_to":"","_links_to_target":""},"class_list":["post-293","page","type-page","status-publish","hentry"],"_links":{"self":[{"href":"https:\/\/guiadepetropolis.com.br\/petropolis\/wp-json\/wp\/v2\/pages\/293","targetHints":{"allow":["GET"]}}],"collection":[{"href":"https:\/\/guiadepetropolis.com.br\/petropolis\/wp-json\/wp\/v2\/pages"}],"about":[{"href":"https:\/\/guiadepetropolis.com.br\/petropolis\/wp-json\/wp\/v2\/types\/page"}],"author":[{"embeddable":true,"href":"https:\/\/guiadepetropolis.com.br\/petropolis\/wp-json\/wp\/v2\/users\/1"}],"replies":[{"embeddable":true,"href":"https:\/\/guiadepetropolis.com.br\/petropolis\/wp-json\/wp\/v2\/comments?post=293"}],"version-history":[{"count":1,"href":"https:\/\/guiadepetropolis.com.br\/petropolis\/wp-json\/wp\/v2\/pages\/293\/revisions"}],"predecessor-version":[{"id":294,"href":"https:\/\/guiadepetropolis.com.br\/petropolis\/wp-json\/wp\/v2\/pages\/293\/revisions\/294"}],"wp:attachment":[{"href":"https:\/\/guiadepetropolis.com.br\/petropolis\/wp-json\/wp\/v2\/media?parent=293"}],"curies":[{"name":"wp","href":"https:\/\/api.w.org\/{rel}","templated":true}]}}