{"id":295,"date":"2019-05-03T10:19:09","date_gmt":"2019-05-03T13:19:09","guid":{"rendered":"https:\/\/guiadepetropolis.com.br\/petropolis\/?page_id=295"},"modified":"2019-05-03T10:19:09","modified_gmt":"2019-05-03T13:19:09","slug":"igreja-luterana-de-petropolis","status":"publish","type":"page","link":"https:\/\/guiadepetropolis.com.br\/petropolis\/igreja-luterana-de-petropolis\/","title":{"rendered":"Igreja Luterana de Petr\u00f3polis"},"content":{"rendered":"<div id=\"guiad-300346421\" class=\"guiad-antes-do-conteudo_3 guiad-entity-placement\"><script async src=\"\/\/pagead2.googlesyndication.com\/pagead\/js\/adsbygoogle.js?client=ca-pub-1045376883326522\" crossorigin=\"anonymous\"><\/script><ins class=\"adsbygoogle\" style=\"display:block;\" data-ad-client=\"ca-pub-1045376883326522\" \ndata-ad-slot=\"\" \ndata-ad-format=\"autorelaxed\"><\/ins>\n<script> \n(adsbygoogle = window.adsbygoogle || []).push({}); \n<\/script>\n<\/div><br style=\"clear: both; display: block; float: none;\"\/><div id=\"guiad-1162846523\" class=\"guiad-antes-do-conteudo_2 guiad-entity-placement\"><script async src=\"\/\/pagead2.googlesyndication.com\/pagead\/js\/adsbygoogle.js?client=ca-pub-1045376883326522\" crossorigin=\"anonymous\"><\/script><ins class=\"adsbygoogle\" style=\"display:block;\" data-ad-client=\"ca-pub-1045376883326522\" \ndata-ad-slot=\"\" \ndata-ad-format=\"autorelaxed\"><\/ins>\n<script> \n(adsbygoogle = window.adsbygoogle || []).push({}); \n<\/script>\n<\/div><br style=\"clear: both; display: block; float: none;\"\/><div class=\"guiad-antes-do-conteudo guiad-entity-placement\" id=\"guiad-4172178712\"><div id=\"guiad-3352015996\"><script async src=\"\/\/pagead2.googlesyndication.com\/pagead\/js\/adsbygoogle.js?client=ca-pub-1045376883326522\" crossorigin=\"anonymous\"><\/script><ins class=\"adsbygoogle\" style=\"display:inline-block;width:0px;height:0px;\" \ndata-ad-client=\"ca-pub-1045376883326522\" \ndata-ad-slot=\"162654302\"><\/ins> \n<script> \n(adsbygoogle = window.adsbygoogle || []).push({}); \n<\/script>\n<\/div><\/div><p><img loading=\"lazy\" decoding=\"async\" class=\"wp-image-211 size-full\" title=\"Igreja Luterana de Petr\u00f3polis\" src=\"https:\/\/guiadepetropolis.com.br\/petropolis\/wp-content\/uploads\/2019\/05\/igreja-luterana01.jpg\" alt=\"Igreja Luterana de Petr\u00f3polis\" width=\"747\" height=\"996\" srcset=\"https:\/\/guiadepetropolis.com.br\/petropolis\/wp-content\/uploads\/2019\/05\/igreja-luterana01.jpg 747w, https:\/\/guiadepetropolis.com.br\/petropolis\/wp-content\/uploads\/2019\/05\/igreja-luterana01-225x300.jpg 225w\" sizes=\"auto, (max-width: 747px) 100vw, 747px\" \/><\/p>\n<div class=\"su-note\"  style=\"border-color:#dfdfdf;border-radius:3px;-moz-border-radius:3px;-webkit-border-radius:3px;\"><div class=\"su-note-inner su-u-clearfix su-u-trim\" style=\"background-color:#f9f9f9;border-color:#ffffff;color:#333333;border-radius:3px;-moz-border-radius:3px;-webkit-border-radius:3px;\">\n<p><strong>Visitas<\/strong>: com agendamento ou durante hor\u00e1rio do culto, aos domingo,\u00a0 \u00e0s 9h.<br \/>\n<strong>Telefone<\/strong>: (24) 2242-1703<br \/>\n<strong>Endere\u00e7o: <\/strong><a href=\"https:\/\/goo.gl\/maps\/EG3TkywCazx2jZGw8\" target=\"_blank\" rel=\"noopener noreferrer\">Av. Ipiranga, 346 \u2013 Centro<\/a><br \/>\n<strong>Ingresso<\/strong>: Entrada franca<br \/>\n<strong>Site: <\/strong><a href=\"http:\/\/www.luteranos.com.br\/conteudo\/historico-da-comunidade-de-petropolis-rj\" target=\"_blank\" rel=\"noopener noreferrer\">http:\/\/www.luteranos.com.br\/<\/a><\/p>\n<hr \/>\n<p><a href=\"https:\/\/www.sescrio.org.br\/unidades\/sesc-quitandinha\/informacoes\" target=\"_blank\" rel=\"noopener noreferrer\"><em>Pre\u00e7os e hor\u00e1rios podem sofrer atualiza\u00e7\u00f5es. Recomendamos confirmar com a atra\u00e7\u00e3o ou no<\/em><\/a><em><a href=\"http:\/\/www.petropolis.rj.gov.br\/\" target=\"_blank\" rel=\"noopener noreferrer\"> site da Prefeitura de Petr\u00f3polis.<\/a><\/em><\/p>\n<\/div><\/div>\n<hr \/>\n<p><strong>Informa\u00e7\u00f5es hist\u00f3ricas<\/strong>: A Igreja Luterana em Petr\u00f3polis \u00e9 um dos mais antigos templos religiosos da cidade, remontando o in\u00edcio de sua constru\u00e7\u00e3o ao ano de 1862.<br \/>\nSeu idealizador foi o Pastor George Gottlob Str\u00f6ele.<br \/>\n&#8220;O templo, iniciado em 1863, era apenas uma casa, com a escultura de um c\u00e1lice e p\u00e3es na parede externa. Em 1903, revogada a lei que impedia templos n\u00e3o cat\u00f3licos de terem caracter\u00edsticas de igreja, a torre foi constru\u00edda e foram colocados os elementos decorativos neog\u00f3ticos: arcos ogivais e g\u00e1rgulas. Na torre se encontram o rel\u00f3gio mec\u00e2nico e os sinos de bronze originais.&#8221;<\/p>\n<hr \/>\n<p><a href=\"https:\/\/guiadepetropolis.com.br\/petropolis\/contato\/\">Mais informa\u00e7\u00f5es? Clique e fale conosco!<\/a><\/p>\n<div id=\"guiad-2456896866\" class=\"guiad-depois-do-conteudo guiad-entity-placement\"><a href=\"http:\/\/edirefilho.com.br\/transportes\/\" target=\"_blank\" aria-label=\"Edir e Filho Mudan\u00e7as e Fretes - Em Petr\u00f3polis e para todo Brasil\"><img loading=\"lazy\" decoding=\"async\" src=\"https:\/\/guiadepetropolis.com.br\/petropolis\/wp-content\/uploads\/2019\/04\/2020-1.jpg\" alt=\"Edir e Filho Mudan\u00e7as e Fretes - Em Petr\u00f3polis e para todo Brasil\"  srcset=\"https:\/\/guiadepetropolis.com.br\/petropolis\/wp-content\/uploads\/2019\/04\/2020-1.jpg 900w, https:\/\/guiadepetropolis.com.br\/petropolis\/wp-content\/uploads\/2019\/04\/2020-1-300x100.jpg 300w, https:\/\/guiadepetropolis.com.br\/petropolis\/wp-content\/uploads\/2019\/04\/2020-1-768x256.jpg 768w\" sizes=\"(max-width: 900px) 100vw, 900px\" width=\"900\" height=\"300\"   \/><\/a><\/div>","protected":false},"excerpt":{"rendered":"<p>Informa\u00e7\u00f5es hist\u00f3ricas: A Igreja Luterana em Petr\u00f3polis \u00e9 um dos mais antigos templos religiosos da cidade, remontando o in\u00edcio de sua constru\u00e7\u00e3o ao ano de 1862. Seu idealizador foi o Pastor George Gottlob Str\u00f6ele. &#8220;O templo, iniciado em 1863, era apenas uma casa, com a escultura de um c\u00e1lice e p\u00e3es na parede externa. Em&#8230;<\/p>\n","protected":false},"author":1,"featured_media":0,"parent":0,"menu_order":0,"comment_status":"closed","ping_status":"closed","template":"","meta":{"footnotes":"","_links_to":"","_links_to_target":""},"class_list":["post-295","page","type-page","status-publish","hentry"],"_links":{"self":[{"href":"https:\/\/guiadepetropolis.com.br\/petropolis\/wp-json\/wp\/v2\/pages\/295","targetHints":{"allow":["GET"]}}],"collection":[{"href":"https:\/\/guiadepetropolis.com.br\/petropolis\/wp-json\/wp\/v2\/pages"}],"about":[{"href":"https:\/\/guiadepetropolis.com.br\/petropolis\/wp-json\/wp\/v2\/types\/page"}],"author":[{"embeddable":true,"href":"https:\/\/guiadepetropolis.com.br\/petropolis\/wp-json\/wp\/v2\/users\/1"}],"replies":[{"embeddable":true,"href":"https:\/\/guiadepetropolis.com.br\/petropolis\/wp-json\/wp\/v2\/comments?post=295"}],"version-history":[{"count":1,"href":"https:\/\/guiadepetropolis.com.br\/petropolis\/wp-json\/wp\/v2\/pages\/295\/revisions"}],"predecessor-version":[{"id":296,"href":"https:\/\/guiadepetropolis.com.br\/petropolis\/wp-json\/wp\/v2\/pages\/295\/revisions\/296"}],"wp:attachment":[{"href":"https:\/\/guiadepetropolis.com.br\/petropolis\/wp-json\/wp\/v2\/media?parent=295"}],"curies":[{"name":"wp","href":"https:\/\/api.w.org\/{rel}","templated":true}]}}