{"id":305,"date":"2019-05-03T10:23:47","date_gmt":"2019-05-03T13:23:47","guid":{"rendered":"https:\/\/guiadepetropolis.com.br\/petropolis\/?page_id=305"},"modified":"2019-08-19T14:38:32","modified_gmt":"2019-08-19T17:38:32","slug":"palacio-de-cristal-de-petropolis","status":"publish","type":"page","link":"https:\/\/guiadepetropolis.com.br\/petropolis\/palacio-de-cristal-de-petropolis\/","title":{"rendered":"Pal\u00e1cio de Cristal de Petr\u00f3polis"},"content":{"rendered":"<div id=\"guiad-3707727471\" class=\"guiad-antes-do-conteudo_3 guiad-entity-placement\"><script async src=\"\/\/pagead2.googlesyndication.com\/pagead\/js\/adsbygoogle.js?client=ca-pub-1045376883326522\" crossorigin=\"anonymous\"><\/script><ins class=\"adsbygoogle\" style=\"display:block;\" data-ad-client=\"ca-pub-1045376883326522\" \ndata-ad-slot=\"\" \ndata-ad-format=\"autorelaxed\"><\/ins>\n<script> \n(adsbygoogle = window.adsbygoogle || []).push({}); \n<\/script>\n<\/div><br style=\"clear: both; display: block; float: none;\"\/><div id=\"guiad-2157480907\" class=\"guiad-antes-do-conteudo_2 guiad-entity-placement\"><script async src=\"\/\/pagead2.googlesyndication.com\/pagead\/js\/adsbygoogle.js?client=ca-pub-1045376883326522\" crossorigin=\"anonymous\"><\/script><ins class=\"adsbygoogle\" style=\"display:block;\" data-ad-client=\"ca-pub-1045376883326522\" \ndata-ad-slot=\"\" \ndata-ad-format=\"autorelaxed\"><\/ins>\n<script> \n(adsbygoogle = window.adsbygoogle || []).push({}); \n<\/script>\n<\/div><br style=\"clear: both; display: block; float: none;\"\/><div class=\"guiad-antes-do-conteudo guiad-entity-placement\" id=\"guiad-3398710899\"><div id=\"guiad-3515757258\"><script async src=\"\/\/pagead2.googlesyndication.com\/pagead\/js\/adsbygoogle.js?client=ca-pub-1045376883326522\" crossorigin=\"anonymous\"><\/script><ins class=\"adsbygoogle\" style=\"display:inline-block;width:0px;height:0px;\" \ndata-ad-client=\"ca-pub-1045376883326522\" \ndata-ad-slot=\"5410709511\"><\/ins> \n<script> \n(adsbygoogle = window.adsbygoogle || []).push({}); \n<\/script>\n<\/div><\/div><p><img loading=\"lazy\" decoding=\"async\" class=\"aligncenter wp-image-1014 size-full\" src=\"https:\/\/guiadepetropolis.com.br\/petropolis\/wp-content\/uploads\/2019\/08\/palacio_de_cristal.jpg\" alt=\"Pal\u00e1cio de Cristal\" width=\"960\" height=\"719\" srcset=\"https:\/\/guiadepetropolis.com.br\/petropolis\/wp-content\/uploads\/2019\/08\/palacio_de_cristal.jpg 960w, https:\/\/guiadepetropolis.com.br\/petropolis\/wp-content\/uploads\/2019\/08\/palacio_de_cristal-300x225.jpg 300w, https:\/\/guiadepetropolis.com.br\/petropolis\/wp-content\/uploads\/2019\/08\/palacio_de_cristal-768x575.jpg 768w\" sizes=\"auto, (max-width: 960px) 100vw, 960px\" \/><\/p>\n<div class=\"su-note\"  style=\"border-color:#dfdfdf;border-radius:3px;-moz-border-radius:3px;-webkit-border-radius:3px;\"><div class=\"su-note-inner su-u-clearfix su-u-trim\" style=\"background-color:#f9f9f9;border-color:#ffffff;color:#333333;border-radius:3px;-moz-border-radius:3px;-webkit-border-radius:3px;\">\n<p><strong>Visitas<\/strong>: domingo a ter\u00e7a-feira, 9h \u00e0s 18h; quarta a s\u00e1bado, 09h \u00e0s 21h.<br \/>\n<strong>Telefone<\/strong>: (24) 2247-3721<br \/>\n<strong>Endere\u00e7o: <\/strong><a href=\"https:\/\/goo.gl\/maps\/qkt1tKCKzK7iM6pC6\" target=\"_blank\" rel=\"noopener noreferrer\">Rua Alfredo Pach\u00e1, s\/ n\u00ba &#8211; Centro<\/a><br \/>\n<strong>Ingresso<\/strong>: Entrada franca<br \/>\n<strong>Site:<\/strong> <a href=\"http:\/\/www.petropolis.rj.gov.br\/\">http:\/\/www.petropolis.rj.gov.br\/<\/a><\/p>\n<hr \/>\n<p><em>Pre\u00e7os e hor\u00e1rios podem sofrer atualiza\u00e7\u00f5es. Recomendamos confirmar com a atra\u00e7\u00e3o ou no<a href=\"http:\/\/www.petropolis.rj.gov.br\/\" target=\"_blank\" rel=\"noopener noreferrer\"> site da Prefeitura de Petr\u00f3polis<\/a>.<\/em><\/p>\n<\/div><\/div>\n<hr \/>\n<p><strong>Informa\u00e7\u00f5es hist\u00f3ricas<\/strong>:<\/p>\n<p>Localizado na antiga pra\u00e7a da Conflu\u00eancia foi constru\u00eddo nas Oficinas da Sociedade An\u00f4nima de Saint-Sauvers Les Arras, na Fran\u00e7a em 1879, para a Associa\u00e7\u00e3o Hort\u00edcola de Petr\u00f3polis, da qual era presidente o Conde D\u2019Eu, marido da Princesa Isabel, destinado a servir de local para exposi\u00e7\u00f5es e festas. Foi inaugurado em 1884.<br \/>\nA sua mais bela festa foi realizada no domingo de P\u00e1scoa de 1888, na qual a princesa Isabel junto a seus filhos, entregou cartas de alforria a escravos, a maioria indenizando os seus senhores com not\u00e1vel campanha desenvolvida na cidade.<br \/>\nTombado pelo Instituto do Patrim\u00f4nio Hist\u00f3rico e Art\u00edstico Nacional, integra o conjunto arquitet\u00f4nico e paisag\u00edstico da Pra\u00e7a da Conflu\u00eancia.<br \/>\nConhece-se pelo nome de Pal\u00e1cio de Cristal n\u00e3o apenas o pavilh\u00e3o, produto da Revolu\u00e7\u00e3o Industrial que acontecia na Europa, como o pr\u00f3prio logradouro, totalmente ajardinado e com repuxos.<\/p>\n\t\t<div id=\"instagram-gallery-feed-5\" class=\"instagram-gallery-feed\" data-feed=\"{&quot;id&quot;:5,&quot;account_id&quot;:&quot;13320088191&quot;,&quot;source&quot;:&quot;tag&quot;,&quot;tag&quot;:&quot;GuiadePetropolis_PalacioDeCristal&quot;,&quot;order_by&quot;:&quot;top_media&quot;,&quot;layout&quot;:&quot;gallery&quot;,&quot;limit&quot;:33,&quot;columns&quot;:3,&quot;spacing&quot;:10,&quot;lazy&quot;:false,&quot;responsive&quot;:{&quot;desktop&quot;:{&quot;columns&quot;:3,&quot;spacing&quot;:10},&quot;tablet&quot;:{&quot;columns&quot;:2,&quot;spacing&quot;:8},&quot;mobile&quot;:{&quot;columns&quot;:1,&quot;spacing&quot;:6},&quot;breakpoints&quot;:{&quot;tablet&quot;:768,&quot;mobile&quot;:480}},&quot;aspect_ratio&quot;:{&quot;width&quot;:1,&quot;height&quot;:1},&quot;highlight&quot;:{&quot;tag&quot;:&quot;&quot;,&quot;id&quot;:&quot;&quot;,&quot;position&quot;:&quot;&quot;},&quot;reel&quot;:{&quot;hide&quot;:false},&quot;copyright&quot;:{&quot;hide&quot;:false,&quot;placeholder&quot;:&quot;&quot;},&quot;profile&quot;:{&quot;display&quot;:false,&quot;username&quot;:&quot;&quot;,&quot;nickname&quot;:&quot;&quot;,&quot;website&quot;:&quot;&quot;,&quot;biography&quot;:&quot;&quot;,&quot;link_text&quot;:&quot;Follow&quot;,&quot;website_text&quot;:&quot;Website&quot;,&quot;avatar&quot;:&quot;&quot;},&quot;box&quot;:{&quot;display&quot;:false,&quot;padding&quot;:1,&quot;radius&quot;:0,&quot;background&quot;:&quot;#fefefe&quot;,&quot;profile&quot;:false,&quot;desc&quot;:&quot;&quot;,&quot;text_color&quot;:&quot;#000000&quot;},&quot;mask&quot;:{&quot;display&quot;:true,&quot;background&quot;:&quot;&quot;,&quot;icon_color&quot;:&quot;#ffffff&quot;,&quot;likes_count&quot;:true,&quot;comments_count&quot;:true},&quot;card&quot;:{&quot;display&quot;:false,&quot;radius&quot;:1,&quot;font_size&quot;:12,&quot;background&quot;:&quot;#ffffff&quot;,&quot;background_hover&quot;:&quot;&quot;,&quot;text_color&quot;:&quot;#000000&quot;,&quot;padding&quot;:5,&quot;likes_count&quot;:true,&quot;text_length&quot;:10,&quot;comments_count&quot;:true,&quot;text_align&quot;:&quot;left&quot;},&quot;carousel&quot;:{&quot;centered_slides&quot;:false,&quot;autoplay&quot;:true,&quot;autoplay_interval&quot;:3000,&quot;navarrows&quot;:true,&quot;navarrows_color&quot;:&quot;&quot;,&quot;pagination&quot;:true,&quot;pagination_color&quot;:&quot;&quot;},&quot;modal&quot;:{&quot;display&quot;:true,&quot;profile&quot;:false,&quot;media_description&quot;:true,&quot;likes_count&quot;:true,&quot;comments_count&quot;:true,&quot;comments_list&quot;:false,&quot;text_align&quot;:&quot;left&quot;,&quot;modal_align&quot;:&quot;right&quot;,&quot;text_length&quot;:10000,&quot;font_size&quot;:12},&quot;button&quot;:{&quot;display&quot;:true,&quot;text&quot;:&quot;Ver + no Instagram&quot;,&quot;text_color&quot;:&quot;#ffff&quot;,&quot;background&quot;:&quot;&quot;,&quot;background_hover&quot;:&quot;&quot;},&quot;button_load&quot;:{&quot;display&quot;:false,&quot;text&quot;:&quot;Load more...&quot;,&quot;text_color&quot;:&quot;#ffff&quot;,&quot;background&quot;:&quot;&quot;,&quot;background_hover&quot;:&quot;&quot;}}\">\n\t\t<!-- <FeedContainer\/> -->\n\t\t<\/div>\n\t\t\n<hr \/>\n<p><a href=\"https:\/\/guiadepetropolis.com.br\/petropolis\/contato\/\">Mais informa\u00e7\u00f5es? Clique e fale conosco!<\/a><\/p>\n<div id=\"guiad-926433643\" class=\"guiad-depois-do-conteudo guiad-entity-placement\"><a href=\"http:\/\/edirefilho.com.br\/transportes\/\" target=\"_blank\" aria-label=\"Edir e Filho Mudan\u00e7as e Fretes - Em Petr\u00f3polis e para todo Brasil\"><img loading=\"lazy\" decoding=\"async\" src=\"https:\/\/guiadepetropolis.com.br\/petropolis\/wp-content\/uploads\/2019\/04\/2020-1.jpg\" alt=\"Edir e Filho Mudan\u00e7as e Fretes - Em Petr\u00f3polis e para todo Brasil\"  srcset=\"https:\/\/guiadepetropolis.com.br\/petropolis\/wp-content\/uploads\/2019\/04\/2020-1.jpg 900w, https:\/\/guiadepetropolis.com.br\/petropolis\/wp-content\/uploads\/2019\/04\/2020-1-300x100.jpg 300w, https:\/\/guiadepetropolis.com.br\/petropolis\/wp-content\/uploads\/2019\/04\/2020-1-768x256.jpg 768w\" sizes=\"(max-width: 900px) 100vw, 900px\" width=\"900\" height=\"300\"   \/><\/a><\/div>","protected":false},"excerpt":{"rendered":"<p>Informa\u00e7\u00f5es hist\u00f3ricas: Localizado na antiga pra\u00e7a da Conflu\u00eancia foi constru\u00eddo nas Oficinas da Sociedade An\u00f4nima de Saint-Sauvers Les Arras, na Fran\u00e7a em 1879, para a Associa\u00e7\u00e3o Hort\u00edcola de Petr\u00f3polis, da qual era presidente o Conde D\u2019Eu, marido da Princesa Isabel, destinado a servir de local para exposi\u00e7\u00f5es e festas. Foi inaugurado em 1884. A sua&#8230;<\/p>\n","protected":false},"author":1,"featured_media":0,"parent":0,"menu_order":0,"comment_status":"closed","ping_status":"closed","template":"","meta":{"footnotes":"","_links_to":"","_links_to_target":""},"class_list":["post-305","page","type-page","status-publish","hentry"],"_links":{"self":[{"href":"https:\/\/guiadepetropolis.com.br\/petropolis\/wp-json\/wp\/v2\/pages\/305","targetHints":{"allow":["GET"]}}],"collection":[{"href":"https:\/\/guiadepetropolis.com.br\/petropolis\/wp-json\/wp\/v2\/pages"}],"about":[{"href":"https:\/\/guiadepetropolis.com.br\/petropolis\/wp-json\/wp\/v2\/types\/page"}],"author":[{"embeddable":true,"href":"https:\/\/guiadepetropolis.com.br\/petropolis\/wp-json\/wp\/v2\/users\/1"}],"replies":[{"embeddable":true,"href":"https:\/\/guiadepetropolis.com.br\/petropolis\/wp-json\/wp\/v2\/comments?post=305"}],"version-history":[{"count":3,"href":"https:\/\/guiadepetropolis.com.br\/petropolis\/wp-json\/wp\/v2\/pages\/305\/revisions"}],"predecessor-version":[{"id":1016,"href":"https:\/\/guiadepetropolis.com.br\/petropolis\/wp-json\/wp\/v2\/pages\/305\/revisions\/1016"}],"wp:attachment":[{"href":"https:\/\/guiadepetropolis.com.br\/petropolis\/wp-json\/wp\/v2\/media?parent=305"}],"curies":[{"name":"wp","href":"https:\/\/api.w.org\/{rel}","templated":true}]}}