{"id":307,"date":"2019-05-03T10:24:46","date_gmt":"2019-05-03T13:24:46","guid":{"rendered":"https:\/\/guiadepetropolis.com.br\/petropolis\/?page_id=307"},"modified":"2019-05-03T10:24:46","modified_gmt":"2019-05-03T13:24:46","slug":"casa-de-santos-dumont","status":"publish","type":"page","link":"https:\/\/guiadepetropolis.com.br\/petropolis\/casa-de-santos-dumont\/","title":{"rendered":"Casa de Santos Dumont"},"content":{"rendered":"<div id=\"guiad-1585277813\" class=\"guiad-antes-do-conteudo_3 guiad-entity-placement\"><script async src=\"\/\/pagead2.googlesyndication.com\/pagead\/js\/adsbygoogle.js?client=ca-pub-1045376883326522\" crossorigin=\"anonymous\"><\/script><ins class=\"adsbygoogle\" style=\"display:block;\" data-ad-client=\"ca-pub-1045376883326522\" \ndata-ad-slot=\"\" \ndata-ad-format=\"autorelaxed\"><\/ins>\n<script> \n(adsbygoogle = window.adsbygoogle || []).push({}); \n<\/script>\n<\/div><br style=\"clear: both; display: block; float: none;\"\/><div id=\"guiad-1652438889\" class=\"guiad-antes-do-conteudo_2 guiad-entity-placement\"><script async src=\"\/\/pagead2.googlesyndication.com\/pagead\/js\/adsbygoogle.js?client=ca-pub-1045376883326522\" crossorigin=\"anonymous\"><\/script><ins class=\"adsbygoogle\" style=\"display:block;\" data-ad-client=\"ca-pub-1045376883326522\" \ndata-ad-slot=\"\" \ndata-ad-format=\"autorelaxed\"><\/ins>\n<script> \n(adsbygoogle = window.adsbygoogle || []).push({}); \n<\/script>\n<\/div><br style=\"clear: both; display: block; float: none;\"\/><div class=\"guiad-antes-do-conteudo guiad-entity-placement\" id=\"guiad-1877824923\"><div id=\"guiad-3064789270\"><script async src=\"\/\/pagead2.googlesyndication.com\/pagead\/js\/adsbygoogle.js?client=ca-pub-1045376883326522\" crossorigin=\"anonymous\"><\/script><ins class=\"adsbygoogle\" style=\"display:inline-block;width:0px;height:0px;\" \ndata-ad-client=\"ca-pub-1045376883326522\" \ndata-ad-slot=\"3696149079\"><\/ins> \n<script> \n(adsbygoogle = window.adsbygoogle || []).push({}); \n<\/script>\n<\/div><\/div><p><img loading=\"lazy\" decoding=\"async\" class=\"wp-image-199 size-full\" src=\"https:\/\/guiadepetropolis.com.br\/petropolis\/wp-content\/uploads\/2019\/05\/santosdumonet01.jpg\" alt=\"Museu Casa de Santos Dumont \" width=\"996\" height=\"561\" srcset=\"https:\/\/guiadepetropolis.com.br\/petropolis\/wp-content\/uploads\/2019\/05\/santosdumonet01.jpg 996w, https:\/\/guiadepetropolis.com.br\/petropolis\/wp-content\/uploads\/2019\/05\/santosdumonet01-300x169.jpg 300w, https:\/\/guiadepetropolis.com.br\/petropolis\/wp-content\/uploads\/2019\/05\/santosdumonet01-768x433.jpg 768w\" sizes=\"auto, (max-width: 996px) 100vw, 996px\" \/><\/p>\n<div class=\"su-note\"  style=\"border-color:#dfdfdf;border-radius:3px;-moz-border-radius:3px;-webkit-border-radius:3px;\"><div class=\"su-note-inner su-u-clearfix su-u-trim\" style=\"background-color:#f9f9f9;border-color:#ffffff;color:#333333;border-radius:3px;-moz-border-radius:3px;-webkit-border-radius:3px;\">\n<p><strong>Visitas<\/strong>: ter\u00e7a a domingo, 9h \u00e0s 17h00<br \/>\n<strong>Telefone<\/strong>: (24) 2247-5222<br \/>\n<strong>Endere\u00e7o: <\/strong><a href=\"https:\/\/goo.gl\/maps\/s2mdhEGTubWPRswAA\">Rua do Encanto, 22 \u2013 Centro<\/a><br \/>\n<strong>Ingresso<\/strong>: R$ 10,00 (inteira) \/ R$ 5,00 (meia) Acima de 80 anos e crian\u00e7as at\u00e9 6 anos: acesso livre Grupos de estudantes: agendar visita\u00e7\u00e3o<br \/>\n<strong>Site:<\/strong> <a href=\"http:\/\/www.petropolis.rj.gov.br\/\">http:\/\/www.petropolis.rj.gov.br\/<\/a><\/p>\n<p><em>Pre\u00e7os e hor\u00e1rios podem sofrer atualiza\u00e7\u00f5es. Recomendamos confirmar com a atra\u00e7\u00e3o ou no<a href=\"http:\/\/www.petropolis.rj.gov.br\/\" target=\"_blank\" rel=\"noopener noreferrer\"> site da Prefeitura de Petr\u00f3polis<\/a>.<\/em><\/p>\n<\/div><\/div>\n<hr \/>\n<p><strong>Informa\u00e7\u00f5es hist\u00f3ricas<\/strong>:<\/p>\n<p>Constru\u00edda no antigo Morro do Encanto, foi planejada e constru\u00edda por <strong>Alberto Santos Dumont<\/strong> para servir de resid\u00eancia de ver\u00e3o. Devido \u00e0 sua localiza\u00e7\u00e3o, foi carinhosamente apelidada de \u201cA Encantada\u201d.<br \/>\nO pr\u00e9dio, um chal\u00e9 do tipo alpino franc\u00eas, consta de tr\u00eas pavimentos sendo que o primeiro era uma pequena oficina, o segundo servia para sala de estar e jantar e por \u00faltimo o escrit\u00f3rio, quarto de dormir.<br \/>\nUma curiosidade da casa \u00e9 que n\u00e3o tinha cozinha e todas as refei\u00e7\u00f5es vinham do Palace Hotel, atual pr\u00e9dio da Universidade Cat\u00f3lica de Petr\u00f3polis, junto ao Rel\u00f3gio das Flores.<br \/>\nVale a pena ser visto o mirante que servia de observat\u00f3rio astron\u00f4mico.<br \/>\nChama a aten\u00e7\u00e3o do visitante a escada recortada em forma de raquete, o que obriga o mesmo a sempre come\u00e7\u00e1-la com o p\u00e9 direito.<\/p>\n<hr \/>\n<p><a href=\"https:\/\/guiadepetropolis.com.br\/petropolis\/contato\/\">Mais informa\u00e7\u00f5es? Clique e fale conosco!<\/a><\/p>\n<div id=\"guiad-849562518\" class=\"guiad-depois-do-conteudo guiad-entity-placement\"><a href=\"http:\/\/edirefilho.com.br\/transportes\/\" target=\"_blank\" aria-label=\"Edir e Filho Mudan\u00e7as e Fretes - Em Petr\u00f3polis e para todo Brasil\"><img loading=\"lazy\" decoding=\"async\" src=\"https:\/\/guiadepetropolis.com.br\/petropolis\/wp-content\/uploads\/2019\/04\/2020-1.jpg\" alt=\"Edir e Filho Mudan\u00e7as e Fretes - Em Petr\u00f3polis e para todo Brasil\"  srcset=\"https:\/\/guiadepetropolis.com.br\/petropolis\/wp-content\/uploads\/2019\/04\/2020-1.jpg 900w, https:\/\/guiadepetropolis.com.br\/petropolis\/wp-content\/uploads\/2019\/04\/2020-1-300x100.jpg 300w, https:\/\/guiadepetropolis.com.br\/petropolis\/wp-content\/uploads\/2019\/04\/2020-1-768x256.jpg 768w\" sizes=\"(max-width: 900px) 100vw, 900px\" width=\"900\" height=\"300\"   \/><\/a><\/div>","protected":false},"excerpt":{"rendered":"<p>Informa\u00e7\u00f5es hist\u00f3ricas: Constru\u00edda no antigo Morro do Encanto, foi planejada e constru\u00edda por Alberto Santos Dumont para servir de resid\u00eancia de ver\u00e3o. Devido \u00e0 sua localiza\u00e7\u00e3o, foi carinhosamente apelidada de \u201cA Encantada\u201d. O pr\u00e9dio, um chal\u00e9 do tipo alpino franc\u00eas, consta de tr\u00eas pavimentos sendo que o primeiro era uma pequena oficina, o segundo servia&#8230;<\/p>\n","protected":false},"author":1,"featured_media":0,"parent":0,"menu_order":0,"comment_status":"closed","ping_status":"closed","template":"","meta":{"footnotes":"","_links_to":"","_links_to_target":""},"class_list":["post-307","page","type-page","status-publish","hentry"],"_links":{"self":[{"href":"https:\/\/guiadepetropolis.com.br\/petropolis\/wp-json\/wp\/v2\/pages\/307","targetHints":{"allow":["GET"]}}],"collection":[{"href":"https:\/\/guiadepetropolis.com.br\/petropolis\/wp-json\/wp\/v2\/pages"}],"about":[{"href":"https:\/\/guiadepetropolis.com.br\/petropolis\/wp-json\/wp\/v2\/types\/page"}],"author":[{"embeddable":true,"href":"https:\/\/guiadepetropolis.com.br\/petropolis\/wp-json\/wp\/v2\/users\/1"}],"replies":[{"embeddable":true,"href":"https:\/\/guiadepetropolis.com.br\/petropolis\/wp-json\/wp\/v2\/comments?post=307"}],"version-history":[{"count":1,"href":"https:\/\/guiadepetropolis.com.br\/petropolis\/wp-json\/wp\/v2\/pages\/307\/revisions"}],"predecessor-version":[{"id":308,"href":"https:\/\/guiadepetropolis.com.br\/petropolis\/wp-json\/wp\/v2\/pages\/307\/revisions\/308"}],"wp:attachment":[{"href":"https:\/\/guiadepetropolis.com.br\/petropolis\/wp-json\/wp\/v2\/media?parent=307"}],"curies":[{"name":"wp","href":"https:\/\/api.w.org\/{rel}","templated":true}]}}