{"id":317,"date":"2019-05-03T10:29:58","date_gmt":"2019-05-03T13:29:58","guid":{"rendered":"https:\/\/guiadepetropolis.com.br\/petropolis\/?page_id=317"},"modified":"2019-08-19T16:40:07","modified_gmt":"2019-08-19T19:40:07","slug":"parque-cremerie","status":"publish","type":"page","link":"https:\/\/guiadepetropolis.com.br\/petropolis\/parque-cremerie\/","title":{"rendered":"Parque\u00a0 Cremerie"},"content":{"rendered":"<div id=\"guiad-1389720637\" class=\"guiad-antes-do-conteudo_3 guiad-entity-placement\"><script async src=\"\/\/pagead2.googlesyndication.com\/pagead\/js\/adsbygoogle.js?client=ca-pub-1045376883326522\" crossorigin=\"anonymous\"><\/script><ins class=\"adsbygoogle\" style=\"display:block;\" data-ad-client=\"ca-pub-1045376883326522\" \ndata-ad-slot=\"\" \ndata-ad-format=\"autorelaxed\"><\/ins>\n<script> \n(adsbygoogle = window.adsbygoogle || []).push({}); \n<\/script>\n<\/div><br style=\"clear: both; display: block; float: none;\"\/><div id=\"guiad-499703798\" class=\"guiad-antes-do-conteudo_2 guiad-entity-placement\"><script async src=\"\/\/pagead2.googlesyndication.com\/pagead\/js\/adsbygoogle.js?client=ca-pub-1045376883326522\" crossorigin=\"anonymous\"><\/script><ins class=\"adsbygoogle\" style=\"display:block;\" data-ad-client=\"ca-pub-1045376883326522\" \ndata-ad-slot=\"\" \ndata-ad-format=\"autorelaxed\"><\/ins>\n<script> \n(adsbygoogle = window.adsbygoogle || []).push({}); \n<\/script>\n<\/div><br style=\"clear: both; display: block; float: none;\"\/><div class=\"guiad-antes-do-conteudo guiad-entity-placement\" id=\"guiad-3197347318\"><div id=\"3854085266\"><script async src=\"\/\/pagead2.googlesyndication.com\/pagead\/js\/adsbygoogle.js?client=ca-pub-1045376883326522\" crossorigin=\"anonymous\"><\/script><ins class=\"adsbygoogle\" style=\"display:block;\" data-ad-client=\"ca-pub-1045376883326522\" \ndata-ad-slot=\"3854085266\" \ndata-ad-format=\"autorelaxed\"><\/ins>\n<script> \n(adsbygoogle = window.adsbygoogle || []).push({}); \n<\/script>\n<\/div><\/div><p><img loading=\"lazy\" decoding=\"async\" class=\"aligncenter wp-image-1033 size-full\" src=\"https:\/\/guiadepetropolis.com.br\/petropolis\/wp-content\/uploads\/2019\/08\/cremerie.jpg\" alt=\"Parque Cremerie\" width=\"996\" height=\"720\" srcset=\"https:\/\/guiadepetropolis.com.br\/petropolis\/wp-content\/uploads\/2019\/08\/cremerie.jpg 996w, https:\/\/guiadepetropolis.com.br\/petropolis\/wp-content\/uploads\/2019\/08\/cremerie-300x217.jpg 300w, https:\/\/guiadepetropolis.com.br\/petropolis\/wp-content\/uploads\/2019\/08\/cremerie-768x555.jpg 768w, https:\/\/guiadepetropolis.com.br\/petropolis\/wp-content\/uploads\/2019\/08\/cremerie-360x261.jpg 360w\" sizes=\"auto, (max-width: 996px) 100vw, 996px\" \/><\/p>\n<div class=\"su-note\"  style=\"border-color:#dfdfdf;border-radius:3px;-moz-border-radius:3px;-webkit-border-radius:3px;\"><div class=\"su-note-inner su-u-clearfix su-u-trim\" style=\"background-color:#f9f9f9;border-color:#ffffff;color:#333333;border-radius:3px;-moz-border-radius:3px;-webkit-border-radius:3px;\">\n<p><strong>Endere\u00e7o<\/strong>: <a href=\"https:\/\/goo.gl\/maps\/kgvmM1EbGP8FToQB8\">Estr. da Independ\u00eancia, s\/n &#8211; Independ\u00eancia, Petr\u00f3polis &#8211; RJ<\/a><br \/>\n<strong>Telefone<\/strong>:\u00a0 (24) 2231-5834<br \/>\n<strong>Visita\u00e7\u00e3o<\/strong>: ter\u00e7a a domingo, das 8h \u00e0s 17h<br \/>\n<strong>Ingressos: <\/strong>entrada franca ao parque.<br \/>\nSite: <a href=\"http:\/\/www.comdep.com.br\/parque-cremerie\" target=\"_blank\" rel=\"noopener noreferrer\">http:\/\/www.comdep.com.br\/parque-cremerie<\/a><\/p>\n\t\t<div id=\"instagram-gallery-feed-8\" class=\"instagram-gallery-feed\" data-feed=\"{&quot;id&quot;:8,&quot;account_id&quot;:&quot;13320088191&quot;,&quot;source&quot;:&quot;tag&quot;,&quot;tag&quot;:&quot;GuiadePetropolis_Cremerie&quot;,&quot;order_by&quot;:&quot;top_media&quot;,&quot;layout&quot;:&quot;gallery&quot;,&quot;limit&quot;:33,&quot;columns&quot;:3,&quot;spacing&quot;:10,&quot;lazy&quot;:false,&quot;responsive&quot;:{&quot;desktop&quot;:{&quot;columns&quot;:3,&quot;spacing&quot;:10},&quot;tablet&quot;:{&quot;columns&quot;:2,&quot;spacing&quot;:8},&quot;mobile&quot;:{&quot;columns&quot;:1,&quot;spacing&quot;:6},&quot;breakpoints&quot;:{&quot;tablet&quot;:768,&quot;mobile&quot;:480}},&quot;aspect_ratio&quot;:{&quot;width&quot;:1,&quot;height&quot;:1},&quot;highlight&quot;:{&quot;tag&quot;:&quot;&quot;,&quot;id&quot;:&quot;&quot;,&quot;position&quot;:&quot;&quot;},&quot;reel&quot;:{&quot;hide&quot;:false},&quot;copyright&quot;:{&quot;hide&quot;:false,&quot;placeholder&quot;:&quot;&quot;},&quot;profile&quot;:{&quot;display&quot;:false,&quot;username&quot;:&quot;&quot;,&quot;nickname&quot;:&quot;&quot;,&quot;website&quot;:&quot;&quot;,&quot;biography&quot;:&quot;&quot;,&quot;link_text&quot;:&quot;Follow&quot;,&quot;website_text&quot;:&quot;Website&quot;,&quot;avatar&quot;:&quot;&quot;},&quot;box&quot;:{&quot;display&quot;:false,&quot;padding&quot;:1,&quot;radius&quot;:0,&quot;background&quot;:&quot;#fefefe&quot;,&quot;profile&quot;:false,&quot;desc&quot;:&quot;&quot;,&quot;text_color&quot;:&quot;#000000&quot;},&quot;mask&quot;:{&quot;display&quot;:true,&quot;background&quot;:&quot;&quot;,&quot;icon_color&quot;:&quot;#ffffff&quot;,&quot;likes_count&quot;:true,&quot;comments_count&quot;:true},&quot;card&quot;:{&quot;display&quot;:false,&quot;radius&quot;:1,&quot;font_size&quot;:12,&quot;background&quot;:&quot;#ffffff&quot;,&quot;background_hover&quot;:&quot;&quot;,&quot;text_color&quot;:&quot;#000000&quot;,&quot;padding&quot;:5,&quot;likes_count&quot;:true,&quot;text_length&quot;:10,&quot;comments_count&quot;:true,&quot;text_align&quot;:&quot;left&quot;},&quot;carousel&quot;:{&quot;centered_slides&quot;:false,&quot;autoplay&quot;:true,&quot;autoplay_interval&quot;:3000,&quot;navarrows&quot;:true,&quot;navarrows_color&quot;:&quot;&quot;,&quot;pagination&quot;:true,&quot;pagination_color&quot;:&quot;&quot;},&quot;modal&quot;:{&quot;display&quot;:true,&quot;profile&quot;:false,&quot;media_description&quot;:true,&quot;likes_count&quot;:true,&quot;comments_count&quot;:true,&quot;comments_list&quot;:false,&quot;text_align&quot;:&quot;left&quot;,&quot;modal_align&quot;:&quot;right&quot;,&quot;text_length&quot;:10000,&quot;font_size&quot;:12},&quot;button&quot;:{&quot;display&quot;:true,&quot;text&quot;:&quot;Ver + no Instagram&quot;,&quot;text_color&quot;:&quot;#ffff&quot;,&quot;background&quot;:&quot;&quot;,&quot;background_hover&quot;:&quot;&quot;},&quot;button_load&quot;:{&quot;display&quot;:false,&quot;text&quot;:&quot;Load more...&quot;,&quot;text_color&quot;:&quot;#ffff&quot;,&quot;background&quot;:&quot;&quot;,&quot;background_hover&quot;:&quot;&quot;}}\">\n\t\t<!-- <FeedContainer\/> -->\n\t\t<\/div>\n\t\t\n<hr \/>\n<p><em>Pre\u00e7os e hor\u00e1rios podem sofrer atualiza\u00e7\u00f5es. Recomendamos confirmar com a atra\u00e7\u00e3o ou no<a href=\"http:\/\/www.petropolis.rj.gov.br\/\" target=\"_blank\" rel=\"noopener noreferrer\"> site da Prefeitura de Petr\u00f3polis<\/a>.<\/em><\/p>\n<\/div><\/div>\n<hr \/>\n<p><strong>Informa\u00e7\u00f5es hist\u00f3ricas<\/strong>:<\/p>\n<p>Localizado em \u00e1rea de preserva\u00e7\u00e3o ambiental, os 47 mil metros quadrados do Cremerie incluem playground, quadras esportivas e pedalinho. O maior atrativo do local \u00e9 tranq\u00fcilidade at\u00edpica de um ponto tur\u00edstico. Trechos de mata atl\u00e2ntica dividem a aten\u00e7\u00e3o dos visitantes, com quadras esportivas e outras op\u00e7\u00f5es que atraem centenas de pessoas todos os dias. O pedalinho, em funcionamento no lago cortado por pontes e moinhos, \u00e9 a atra\u00e7\u00e3o mais requisitada pelas crian\u00e7as. Um playground com onze brinquedos tamb\u00e9m \u00e9 garantia de divers\u00e3o.<br \/>\nNo local funcionou a antiga f\u00e1brica de queijos de Jules Buisson, em 1845 ele fundou a Cremerie Buisson, cujos produtos eram conhecidos em todo Brasil gra\u00e7as \u00e0 sua excelente qualidade. Jules Buisson, viveu qual velho solit\u00e1rio numa pequena vivenda rodeada de jardins, com um bel\u00edssimo parque. Sua oficina de fabrica\u00e7\u00e3o de queijos e manteiga era assead\u00edssima, confort\u00e1vel e segundo o Sr. Buisson \u201cera quase um crime entrar ali um profano\u201d.<\/p>\n<hr \/>\n<p><a href=\"https:\/\/guiadepetropolis.com.br\/petropolis\/contato\/\">Mais informa\u00e7\u00f5es? Clique e fale conosco!<\/a><\/p>\n<div id=\"guiad-3024132838\" class=\"guiad-depois-do-conteudo guiad-entity-placement\"><a href=\"http:\/\/edirefilho.com.br\/transportes\/\" target=\"_blank\" aria-label=\"Edir e Filho Mudan\u00e7as e Fretes - Em Petr\u00f3polis e para todo Brasil\"><img loading=\"lazy\" decoding=\"async\" src=\"https:\/\/guiadepetropolis.com.br\/petropolis\/wp-content\/uploads\/2019\/04\/2020-1.jpg\" alt=\"Edir e Filho Mudan\u00e7as e Fretes - Em Petr\u00f3polis e para todo Brasil\"  srcset=\"https:\/\/guiadepetropolis.com.br\/petropolis\/wp-content\/uploads\/2019\/04\/2020-1.jpg 900w, https:\/\/guiadepetropolis.com.br\/petropolis\/wp-content\/uploads\/2019\/04\/2020-1-300x100.jpg 300w, https:\/\/guiadepetropolis.com.br\/petropolis\/wp-content\/uploads\/2019\/04\/2020-1-768x256.jpg 768w\" sizes=\"(max-width: 900px) 100vw, 900px\" width=\"900\" height=\"300\"   \/><\/a><\/div>","protected":false},"excerpt":{"rendered":"<p>Informa\u00e7\u00f5es hist\u00f3ricas: Localizado em \u00e1rea de preserva\u00e7\u00e3o ambiental, os 47 mil metros quadrados do Cremerie incluem playground, quadras esportivas e pedalinho. O maior atrativo do local \u00e9 tranq\u00fcilidade at\u00edpica de um ponto tur\u00edstico. Trechos de mata atl\u00e2ntica dividem a aten\u00e7\u00e3o dos visitantes, com quadras esportivas e outras op\u00e7\u00f5es que atraem centenas de pessoas todos os&#8230;<\/p>\n","protected":false},"author":1,"featured_media":0,"parent":0,"menu_order":0,"comment_status":"closed","ping_status":"closed","template":"","meta":{"footnotes":"","_links_to":"","_links_to_target":""},"class_list":["post-317","page","type-page","status-publish","hentry"],"_links":{"self":[{"href":"https:\/\/guiadepetropolis.com.br\/petropolis\/wp-json\/wp\/v2\/pages\/317","targetHints":{"allow":["GET"]}}],"collection":[{"href":"https:\/\/guiadepetropolis.com.br\/petropolis\/wp-json\/wp\/v2\/pages"}],"about":[{"href":"https:\/\/guiadepetropolis.com.br\/petropolis\/wp-json\/wp\/v2\/types\/page"}],"author":[{"embeddable":true,"href":"https:\/\/guiadepetropolis.com.br\/petropolis\/wp-json\/wp\/v2\/users\/1"}],"replies":[{"embeddable":true,"href":"https:\/\/guiadepetropolis.com.br\/petropolis\/wp-json\/wp\/v2\/comments?post=317"}],"version-history":[{"count":2,"href":"https:\/\/guiadepetropolis.com.br\/petropolis\/wp-json\/wp\/v2\/pages\/317\/revisions"}],"predecessor-version":[{"id":1035,"href":"https:\/\/guiadepetropolis.com.br\/petropolis\/wp-json\/wp\/v2\/pages\/317\/revisions\/1035"}],"wp:attachment":[{"href":"https:\/\/guiadepetropolis.com.br\/petropolis\/wp-json\/wp\/v2\/media?parent=317"}],"curies":[{"name":"wp","href":"https:\/\/api.w.org\/{rel}","templated":true}]}}